{"id":1046,"date":"2018-08-14T16:46:35","date_gmt":"2018-08-14T14:46:35","guid":{"rendered":"https:\/\/www.bernadettedelourdes.fr\/?page_id=1046"},"modified":"2019-01-28T14:30:57","modified_gmt":"2019-01-28T13:30:57","slug":"videos","status":"publish","type":"page","link":"https:\/\/www.bernadettedelourdes.fr\/de\/videos\/","title":{"rendered":"VIDEOS"},"content":{"rendered":"<p>[vc_row bg_choice=&#8220;2&#8243; bg_image_repeat=&#8220;no-repeat&#8220; margin_top=&#8220;0&#8243; padding_top=&#8220;30&#8243; bg_image=&#8220;80&#8243; padding_bottom=&#8220;30&#8243;][vc_column][vc_custom_heading text=&#8220;VIDEOS&#8220; font_container=&#8220;tag:h2|font_size:58|text_align:center|color:%23ffffff&#8220; google_fonts=&#8220;font_family:Bitter%3Aregular%2Citalic%2C700|font_style:400%20regular%3A400%3Anormal&#8220;][vc_custom_heading text=&#8220;Bernadette de Lourdes&#8220; font_container=&#8220;tag:h2|font_size:36|text_align:center|color:%23ffffff&#8220; google_fonts=&#8220;font_family:Bitter%3Aregular%2Citalic%2C700|font_style:700%20bold%20regular%3A700%3Anormal&#8220; css=&#8220;.vc_custom_1517912118471{margin-bottom: 0px !important;border-bottom-width: 0px !important;padding-bottom: 0px !important;}&#8220;][vc_custom_heading text=&#8220;Das musikalische B\u00fchnenst\u00fcck&#8220; font_container=&#8220;tag:h2|font_size:28|text_align:center|color:%23ffffff&#8220; google_fonts=&#8220;font_family:Bitter%3Aregular%2Citalic%2C700|font_style:400%20regular%3A400%3Anormal&#8220; css=&#8220;.vc_custom_1534258112229{margin-top: 0px !important;border-top-width: 0px !important;padding-top: 0px !important;}&#8220;][\/vc_column][\/vc_row][vc_row][vc_column][vc_column_text]<\/p>\n<p>[\/vc_column_text][\/vc_column][\/vc_row][vc_row margin_bottom=&#8220;0&#8243; padding_bottom=&#8220;0&#8243; margin_top=&#8220;35&#8243;][vc_column][vc_column_text css=&#8220;.vc_custom_1548682254672{margin-bottom: 0px !important;border-bottom-width: 0px !important;padding-bottom: 0px !important;}&#8220;]<\/p>\n<div class=\"\" style=\"text-align: center;\">Schauspieler von Bernadette De Lourdes mit einem wunderbaren Live-Auftritt im Omar Park, Panama, zum Weltjugendtag.<\/div>\n<div class=\"\" style=\"text-align: center;\">Januar 2019<\/div>\n<p>[\/vc_column_text][\/vc_column][\/vc_row][vc_row padding_bottom=&#8220;40&#8243;][vc_column width=&#8220;1\/4&#8243;][\/vc_column][vc_column width=&#8220;1\/2&#8243;][vc_column_text]<iframe loading=\"lazy\" src=\"https:\/\/www.youtube.com\/embed\/bvljlMrIVe0\" width=\"560\" height=\"315\" frameborder=\"0\" allowfullscreen=\"allowfullscreen\"><\/iframe>[\/vc_column_text][\/vc_column][vc_column width=&#8220;1\/4&#8243;][\/vc_column][\/vc_row][vc_row margin_bottom=&#8220;0&#8243; padding_bottom=&#8220;0&#8243; margin_top=&#8220;35&#8243;][vc_column][vc_column_text css=&#8220;.vc_custom_1542799022735{margin-bottom: 0px !important;border-bottom-width: 0px !important;padding-bottom: 0px !important;}&#8220;]<\/p>\n<div class=\"\" style=\"text-align: center;\">\u00ab\u00a0Madame \u00bb, Kirche von Val-de-Gr\u00e2ce in Paris<\/div>\n<div class=\"\" style=\"text-align: center;\">7. November 2018<\/div>\n<p>[\/vc_column_text][\/vc_column][\/vc_row][vc_row padding_bottom=&#8220;40&#8243;][vc_column width=&#8220;1\/4&#8243;][\/vc_column][vc_column width=&#8220;1\/2&#8243;][vc_column_text]<iframe loading=\"lazy\" style=\"border: none; overflow: hidden;\" src=\"https:\/\/www.facebook.com\/plugins\/video.php?href=https%3A%2F%2Fwww.facebook.com%2Froberto.ciurleo.16%2Fvideos%2F10156248222448999%2F&amp;show_text=0&amp;width=560\" width=\"560\" height=\"420\" frameborder=\"0\" scrolling=\"no\" allowfullscreen=\"allowfullscreen\"><\/iframe>[\/vc_column_text][\/vc_column][vc_column width=&#8220;1\/4&#8243;][\/vc_column][\/vc_row][vc_row margin_bottom=&#8220;0&#8243; padding_bottom=&#8220;0&#8243; margin_top=&#8220;35&#8243;][vc_column][vc_column_text css=&#8220;.vc_custom_1542276178118{margin-bottom: 0px !important;border-bottom-width: 0px !important;padding-bottom: 0px !important;}&#8220;]<\/p>\n<div class=\"\" style=\"text-align: center;\">\u00ab\u00a0Aquero\u00a0\u00bb, Kirche von Val-de-Gr\u00e2ce in Paris<\/div>\n<div class=\"\" style=\"text-align: center;\">7. November 2018<\/div>\n<p>[\/vc_column_text][\/vc_column][\/vc_row][vc_row padding_bottom=&#8220;40&#8243;][vc_column width=&#8220;1\/4&#8243;][\/vc_column][vc_column width=&#8220;1\/2&#8243;][vc_column_text]<iframe loading=\"lazy\" style=\"border: none; overflow: hidden;\" src=\"https:\/\/www.facebook.com\/plugins\/video.php?href=https%3A%2F%2Fwww.facebook.com%2Fbdelourdesmusical%2Fvideos%2F871154473089429%2F&amp;show_text=0&amp;width=560\" width=\"560\" height=\"420\" frameborder=\"0\" scrolling=\"no\" allowfullscreen=\"allowfullscreen\"><\/iframe>[\/vc_column_text][\/vc_column][vc_column width=&#8220;1\/4&#8243;][\/vc_column][\/vc_row][vc_row margin_bottom=&#8220;0&#8243; padding_bottom=&#8220;0&#8243; margin_top=&#8220;35&#8243;][vc_column][vc_column_text css=&#8220;.vc_custom_1537452288645{margin-bottom: 0px !important;border-bottom-width: 0px !important;padding-bottom: 0px !important;}&#8220;]<\/p>\n<p style=\"text-align: center;\">\u201cWHY ME\u00a0?\u201d<\/p>\n<p>[\/vc_column_text][\/vc_column][\/vc_row][vc_row padding_bottom=&#8220;40&#8243;][vc_column width=&#8220;1\/4&#8243;][\/vc_column][vc_column width=&#8220;1\/2&#8243;][vc_column_text]<iframe loading=\"lazy\" src=\"https:\/\/www.youtube.com\/embed\/G20Oaebc-Bk?rel=0&amp;controls=0&amp;showinfo=0\" width=\"560\" height=\"315\" frameborder=\"0\" allowfullscreen=\"allowfullscreen\"><\/iframe>[\/vc_column_text][\/vc_column][vc_column width=&#8220;1\/4&#8243;][\/vc_column][\/vc_row][vc_row margin_bottom=&#8220;0&#8243; padding_bottom=&#8220;0&#8243; margin_top=&#8220;35&#8243;][vc_column][vc_column_text css=&#8220;.vc_custom_1539163016079{margin-bottom: 0px !important;border-bottom-width: 0px !important;padding-bottom: 0px !important;}&#8220;]<\/p>\n<div class=\"\" style=\"text-align: center;\">5. Oktober 2018 in Lourdes<\/div>\n<p>[\/vc_column_text][\/vc_column][\/vc_row][vc_row padding_bottom=&#8220;40&#8243;][vc_column width=&#8220;1\/4&#8243;][\/vc_column][vc_column width=&#8220;1\/2&#8243;][vc_column_text]<iframe loading=\"lazy\" style=\"border: none; overflow: hidden;\" src=\"https:\/\/www.facebook.com\/plugins\/video.php?href=https%3A%2F%2Fwww.facebook.com%2Fbdelourdesmusical%2Fvideos%2F544705582609891%2F&amp;show_text=0&amp;width=560\" width=\"560\" height=\"315\" frameborder=\"0\" scrolling=\"no\" allowfullscreen=\"allowfullscreen\"><\/iframe><br \/>\n[\/vc_column_text][\/vc_column][vc_column width=&#8220;1\/4&#8243;][\/vc_column][\/vc_row][vc_row margin_bottom=&#8220;0&#8243; padding_bottom=&#8220;0&#8243; margin_top=&#8220;35&#8243;][vc_column][vc_column_text css=&#8220;.vc_custom_1534257891317{margin-bottom: 0px !important;border-bottom-width: 0px !important;padding-bottom: 0px !important;}&#8220;]<\/p>\n<p style=\"text-align: center;\">TRAILER<\/p>\n<p>[\/vc_column_text][\/vc_column][\/vc_row][vc_row padding_bottom=&#8220;40&#8243;][vc_column width=&#8220;1\/4&#8243;][\/vc_column][vc_column width=&#8220;1\/2&#8243;][vc_column_text]<iframe loading=\"lazy\" src=\"https:\/\/www.youtube.com\/embed\/WJ8s0VRYLJM?rel=0&amp;controls=0&amp;showinfo=0\" width=\"560\" height=\"315\" frameborder=\"0\" allowfullscreen=\"allowfullscreen\"><\/iframe>[\/vc_column_text][\/vc_column][vc_column width=&#8220;1\/4&#8243;][\/vc_column][\/vc_row][vc_row][vc_column]<div class=\" separator separator_center\" style=\"width:100%; \">\n\t\t\t\t\t<span class=\"sep_holder sep_holder_l\"><span style=\"border-top-style:dotted; border-color:\" class=\"sep_line\"><\/span><\/span>\n\t\t\t\t\t\n\t\t\t\t\t<span class=\"sep_holder sep_holder_r\"><span style=\"border-top-style:dotted; border-color:\" class=\"sep_line\"><\/span><\/span>\n\t\t\t\t<\/div>[vc_column_text css=&#8220;.vc_custom_1534257908868{margin-bottom: 0px !important;border-bottom-width: 0px !important;padding-bottom: 0px !important;}&#8220;]<\/p>\n<p style=\"text-align: center;\">PR\u00c4SENTATION DES B\u00dcHNENST\u00dcCKS \u2013 11. Februar 2018 in Lourdes<\/p>\n<p>[\/vc_column_text][\/vc_column][\/vc_row][vc_row padding_bottom=&#8220;100&#8243;][vc_column width=&#8220;1\/4&#8243;][\/vc_column][vc_column width=&#8220;1\/2&#8243;][vc_column_text]<iframe loading=\"lazy\" src=\"https:\/\/www.youtube.com\/embed\/b5IrQOXN164?rel=0\" width=\"560\" height=\"315\" frameborder=\"0\" allowfullscreen=\"allowfullscreen\" data-mce-fragment=\"1\"><\/iframe>[\/vc_column_text][\/vc_column][vc_column width=&#8220;1\/4&#8243;][\/vc_column][\/vc_row]<\/p>\n","protected":false},"excerpt":{"rendered":"<p>[vc_row bg_choice=&#8220;2&#8243; bg_image_repeat=&#8220;no-repeat&#8220; margin_top=&#8220;0&#8243; padding_top=&#8220;30&#8243; bg_image=&#8220;80&#8243; padding_bottom=&#8220;30&#8243;][vc_column][vc_custom_heading text=&#8220;VIDEOS&#8220; font_container=&#8220;tag:h2|font_size:58|text_align:center|color:%23ffffff&#8220; google_fonts=&#8220;font_family:Bitter%3Aregular%2Citalic%2C700|font_style:400%20regular%3A400%3Anormal&#8220;][vc_custom_heading text=&#8220;Bernadette de Lourdes&#8220; font_container=&#8220;tag:h2|font_size:36|text_align:center|color:%23ffffff&#8220; google_fonts=&#8220;font_family:Bitter%3Aregular%2Citalic%2C700|font_style:700%20bold%20regular%3A700%3Anormal&#8220; css=&#8220;.vc_custom_1517912118471{margin-bottom: 0px !important;border-bottom-width: 0px !important;padding-bottom: 0px !important;}&#8220;][vc_custom_heading text=&#8220;Das musikalische B\u00fchnenst\u00fcck&#8220; font_container=&#8220;tag:h2|font_size:28|text_align:center|color:%23ffffff&#8220; google_fonts=&#8220;font_family:Bitter%3Aregular%2Citalic%2C700|font_style:400%20regular%3A400%3Anormal&#8220; css=&#8220;.vc_custom_1534258112229{margin-top: 0px !important;border-top-width: 0px !important;padding-top: 0px !important;}&#8220;][\/vc_column][\/vc_row][vc_row][vc_column][vc_column_text] [\/vc_column_text][\/vc_column][\/vc_row][vc_row margin_bottom=&#8220;0&#8243; padding_bottom=&#8220;0&#8243; margin_top=&#8220;35&#8243;][vc_column][vc_column_text css=&#8220;.vc_custom_1548682254672{margin-bottom: 0px !important;border-bottom-width: 0px !important;padding-bottom: 0px !important;}&#8220;] Schauspieler von Bernadette De Lourdes mit einem wunderbaren Live-Auftritt im [&hellip;]<\/p>\n","protected":false},"author":1,"featured_media":0,"parent":0,"menu_order":0,"comment_status":"closed","ping_status":"closed","template":"","meta":{"_monsterinsights_skip_tracking":false,"_monsterinsights_sitenote_active":false,"_monsterinsights_sitenote_note":"","_monsterinsights_sitenote_category":0,"ngg_post_thumbnail":0,"footnotes":""},"yoast_head":"<!-- This site is optimized with the Yoast SEO plugin v23.0 - https:\/\/yoast.com\/wordpress\/plugins\/seo\/ -->\n<title>VIDEOS - Bernadette de Lourdes<\/title>\n<meta name=\"robots\" content=\"index, follow, max-snippet:-1, max-image-preview:large, max-video-preview:-1\" \/>\n<link rel=\"canonical\" href=\"https:\/\/www.bernadettedelourdes.fr\/de\/videos\/\" \/>\n<meta property=\"og:locale\" content=\"de_DE\" \/>\n<meta property=\"og:type\" content=\"article\" \/>\n<meta property=\"og:title\" content=\"VIDEOS - Bernadette de Lourdes\" \/>\n<meta property=\"og:description\" content=\"[vc_row bg_choice=&#8220;2&#8243; bg_image_repeat=&#8220;no-repeat&#8220; margin_top=&#8220;0&#8243; padding_top=&#8220;30&#8243; bg_image=&#8220;80&#8243; padding_bottom=&#8220;30&#8243;][vc_column][vc_custom_heading text=&#8220;VIDEOS&#8220; font_container=&#8220;tag:h2|font_size:58|text_align:center|color:%23ffffff&#8220; google_fonts=&#8220;font_family:Bitter%3Aregular%2Citalic%2C700|font_style:400%20regular%3A400%3Anormal&#8220;][vc_custom_heading text=&#8220;Bernadette de Lourdes&#8220; font_container=&#8220;tag:h2|font_size:36|text_align:center|color:%23ffffff&#8220; google_fonts=&#8220;font_family:Bitter%3Aregular%2Citalic%2C700|font_style:700%20bold%20regular%3A700%3Anormal&#8220; css=&#8220;.vc_custom_1517912118471{margin-bottom: 0px !important;border-bottom-width: 0px !important;padding-bottom: 0px !important;}&#8220;][vc_custom_heading text=&#8220;Das musikalische B\u00fchnenst\u00fcck&#8220; font_container=&#8220;tag:h2|font_size:28|text_align:center|color:%23ffffff&#8220; google_fonts=&#8220;font_family:Bitter%3Aregular%2Citalic%2C700|font_style:400%20regular%3A400%3Anormal&#8220; css=&#8220;.vc_custom_1534258112229{margin-top: 0px !important;border-top-width: 0px !important;padding-top: 0px !important;}&#8220;][\/vc_column][\/vc_row][vc_row][vc_column][vc_column_text] [\/vc_column_text][\/vc_column][\/vc_row][vc_row margin_bottom=&#8220;0&#8243; padding_bottom=&#8220;0&#8243; margin_top=&#8220;35&#8243;][vc_column][vc_column_text css=&#8220;.vc_custom_1548682254672{margin-bottom: 0px !important;border-bottom-width: 0px !important;padding-bottom: 0px !important;}&#8220;] Schauspieler von Bernadette De Lourdes mit einem wunderbaren Live-Auftritt im [&hellip;]\" \/>\n<meta property=\"og:url\" content=\"https:\/\/www.bernadettedelourdes.fr\/de\/videos\/\" \/>\n<meta property=\"og:site_name\" content=\"Bernadette de Lourdes\" \/>\n<meta property=\"article:publisher\" content=\"https:\/\/www.facebook.com\/Bernadette-de-Lourdes-324306451391676\/\" \/>\n<meta property=\"article:modified_time\" content=\"2019-01-28T13:30:57+00:00\" \/>\n<meta name=\"twitter:card\" content=\"summary_large_image\" \/>\n<meta name=\"twitter:label1\" content=\"Gesch\u00e4tzte Lesezeit\" \/>\n\t<meta name=\"twitter:data1\" content=\"3\u00a0Minuten\" \/>\n<script type=\"application\/ld+json\" class=\"yoast-schema-graph\">{\"@context\":\"https:\/\/schema.org\",\"@graph\":[{\"@type\":\"WebPage\",\"@id\":\"https:\/\/www.bernadettedelourdes.fr\/de\/videos\/\",\"url\":\"https:\/\/www.bernadettedelourdes.fr\/de\/videos\/\",\"name\":\"VIDEOS - Bernadette de Lourdes\",\"isPartOf\":{\"@id\":\"https:\/\/www.bernadettedelourdes.fr\/it\/#website\"},\"datePublished\":\"2018-08-14T14:46:35+00:00\",\"dateModified\":\"2019-01-28T13:30:57+00:00\",\"breadcrumb\":{\"@id\":\"https:\/\/www.bernadettedelourdes.fr\/de\/videos\/#breadcrumb\"},\"inLanguage\":\"de\",\"potentialAction\":[{\"@type\":\"ReadAction\",\"target\":[\"https:\/\/www.bernadettedelourdes.fr\/de\/videos\/\"]}]},{\"@type\":\"BreadcrumbList\",\"@id\":\"https:\/\/www.bernadettedelourdes.fr\/de\/videos\/#breadcrumb\",\"itemListElement\":[{\"@type\":\"ListItem\",\"position\":1,\"name\":\"Accueil\",\"item\":\"https:\/\/www.bernadettedelourdes.fr\/de\/\"},{\"@type\":\"ListItem\",\"position\":2,\"name\":\"VIDEOS\"}]},{\"@type\":\"WebSite\",\"@id\":\"https:\/\/www.bernadettedelourdes.fr\/it\/#website\",\"url\":\"https:\/\/www.bernadettedelourdes.fr\/it\/\",\"name\":\"Bernadette de Lourdes\",\"description\":\"Le spectacle musical\",\"publisher\":{\"@id\":\"https:\/\/www.bernadettedelourdes.fr\/it\/#organization\"},\"potentialAction\":[{\"@type\":\"SearchAction\",\"target\":{\"@type\":\"EntryPoint\",\"urlTemplate\":\"https:\/\/www.bernadettedelourdes.fr\/it\/?s={search_term_string}\"},\"query-input\":\"required name=search_term_string\"}],\"inLanguage\":\"de\"},{\"@type\":\"Organization\",\"@id\":\"https:\/\/www.bernadettedelourdes.fr\/it\/#organization\",\"name\":\"Bernadette de Lourdes\",\"url\":\"https:\/\/www.bernadettedelourdes.fr\/it\/\",\"logo\":{\"@type\":\"ImageObject\",\"inLanguage\":\"de\",\"@id\":\"https:\/\/www.bernadettedelourdes.fr\/it\/#\/schema\/logo\/image\/\",\"url\":\"https:\/\/www.bernadettedelourdes.fr\/wp-content\/uploads\/2018\/02\/Bernadette-de-Lourdes-contact.jpg\",\"contentUrl\":\"https:\/\/www.bernadettedelourdes.fr\/wp-content\/uploads\/2018\/02\/Bernadette-de-Lourdes-contact.jpg\",\"width\":600,\"height\":884,\"caption\":\"Bernadette de Lourdes\"},\"image\":{\"@id\":\"https:\/\/www.bernadettedelourdes.fr\/it\/#\/schema\/logo\/image\/\"},\"sameAs\":[\"https:\/\/www.facebook.com\/Bernadette-de-Lourdes-324306451391676\/\",\"https:\/\/www.instagram.com\/musical_bernadettedelourdes\/\"]}]}<\/script>\n<!-- \/ Yoast SEO plugin. -->","yoast_head_json":{"title":"VIDEOS - Bernadette de Lourdes","robots":{"index":"index","follow":"follow","max-snippet":"max-snippet:-1","max-image-preview":"max-image-preview:large","max-video-preview":"max-video-preview:-1"},"canonical":"https:\/\/www.bernadettedelourdes.fr\/de\/videos\/","og_locale":"de_DE","og_type":"article","og_title":"VIDEOS - Bernadette de Lourdes","og_description":"[vc_row bg_choice=&#8220;2&#8243; bg_image_repeat=&#8220;no-repeat&#8220; margin_top=&#8220;0&#8243; padding_top=&#8220;30&#8243; bg_image=&#8220;80&#8243; padding_bottom=&#8220;30&#8243;][vc_column][vc_custom_heading text=&#8220;VIDEOS&#8220; font_container=&#8220;tag:h2|font_size:58|text_align:center|color:%23ffffff&#8220; google_fonts=&#8220;font_family:Bitter%3Aregular%2Citalic%2C700|font_style:400%20regular%3A400%3Anormal&#8220;][vc_custom_heading text=&#8220;Bernadette de Lourdes&#8220; font_container=&#8220;tag:h2|font_size:36|text_align:center|color:%23ffffff&#8220; google_fonts=&#8220;font_family:Bitter%3Aregular%2Citalic%2C700|font_style:700%20bold%20regular%3A700%3Anormal&#8220; css=&#8220;.vc_custom_1517912118471{margin-bottom: 0px !important;border-bottom-width: 0px !important;padding-bottom: 0px !important;}&#8220;][vc_custom_heading text=&#8220;Das musikalische B\u00fchnenst\u00fcck&#8220; font_container=&#8220;tag:h2|font_size:28|text_align:center|color:%23ffffff&#8220; google_fonts=&#8220;font_family:Bitter%3Aregular%2Citalic%2C700|font_style:400%20regular%3A400%3Anormal&#8220; css=&#8220;.vc_custom_1534258112229{margin-top: 0px !important;border-top-width: 0px !important;padding-top: 0px !important;}&#8220;][\/vc_column][\/vc_row][vc_row][vc_column][vc_column_text] [\/vc_column_text][\/vc_column][\/vc_row][vc_row margin_bottom=&#8220;0&#8243; padding_bottom=&#8220;0&#8243; margin_top=&#8220;35&#8243;][vc_column][vc_column_text css=&#8220;.vc_custom_1548682254672{margin-bottom: 0px !important;border-bottom-width: 0px !important;padding-bottom: 0px !important;}&#8220;] Schauspieler von Bernadette De Lourdes mit einem wunderbaren Live-Auftritt im [&hellip;]","og_url":"https:\/\/www.bernadettedelourdes.fr\/de\/videos\/","og_site_name":"Bernadette de Lourdes","article_publisher":"https:\/\/www.facebook.com\/Bernadette-de-Lourdes-324306451391676\/","article_modified_time":"2019-01-28T13:30:57+00:00","twitter_card":"summary_large_image","twitter_misc":{"Gesch\u00e4tzte Lesezeit":"3\u00a0Minuten"},"schema":{"@context":"https:\/\/schema.org","@graph":[{"@type":"WebPage","@id":"https:\/\/www.bernadettedelourdes.fr\/de\/videos\/","url":"https:\/\/www.bernadettedelourdes.fr\/de\/videos\/","name":"VIDEOS - Bernadette de Lourdes","isPartOf":{"@id":"https:\/\/www.bernadettedelourdes.fr\/it\/#website"},"datePublished":"2018-08-14T14:46:35+00:00","dateModified":"2019-01-28T13:30:57+00:00","breadcrumb":{"@id":"https:\/\/www.bernadettedelourdes.fr\/de\/videos\/#breadcrumb"},"inLanguage":"de","potentialAction":[{"@type":"ReadAction","target":["https:\/\/www.bernadettedelourdes.fr\/de\/videos\/"]}]},{"@type":"BreadcrumbList","@id":"https:\/\/www.bernadettedelourdes.fr\/de\/videos\/#breadcrumb","itemListElement":[{"@type":"ListItem","position":1,"name":"Accueil","item":"https:\/\/www.bernadettedelourdes.fr\/de\/"},{"@type":"ListItem","position":2,"name":"VIDEOS"}]},{"@type":"WebSite","@id":"https:\/\/www.bernadettedelourdes.fr\/it\/#website","url":"https:\/\/www.bernadettedelourdes.fr\/it\/","name":"Bernadette de Lourdes","description":"Le spectacle musical","publisher":{"@id":"https:\/\/www.bernadettedelourdes.fr\/it\/#organization"},"potentialAction":[{"@type":"SearchAction","target":{"@type":"EntryPoint","urlTemplate":"https:\/\/www.bernadettedelourdes.fr\/it\/?s={search_term_string}"},"query-input":"required name=search_term_string"}],"inLanguage":"de"},{"@type":"Organization","@id":"https:\/\/www.bernadettedelourdes.fr\/it\/#organization","name":"Bernadette de Lourdes","url":"https:\/\/www.bernadettedelourdes.fr\/it\/","logo":{"@type":"ImageObject","inLanguage":"de","@id":"https:\/\/www.bernadettedelourdes.fr\/it\/#\/schema\/logo\/image\/","url":"https:\/\/www.bernadettedelourdes.fr\/wp-content\/uploads\/2018\/02\/Bernadette-de-Lourdes-contact.jpg","contentUrl":"https:\/\/www.bernadettedelourdes.fr\/wp-content\/uploads\/2018\/02\/Bernadette-de-Lourdes-contact.jpg","width":600,"height":884,"caption":"Bernadette de Lourdes"},"image":{"@id":"https:\/\/www.bernadettedelourdes.fr\/it\/#\/schema\/logo\/image\/"},"sameAs":["https:\/\/www.facebook.com\/Bernadette-de-Lourdes-324306451391676\/","https:\/\/www.instagram.com\/musical_bernadettedelourdes\/"]}]}},"_links":{"self":[{"href":"https:\/\/www.bernadettedelourdes.fr\/de\/wp-json\/wp\/v2\/pages\/1046"}],"collection":[{"href":"https:\/\/www.bernadettedelourdes.fr\/de\/wp-json\/wp\/v2\/pages"}],"about":[{"href":"https:\/\/www.bernadettedelourdes.fr\/de\/wp-json\/wp\/v2\/types\/page"}],"author":[{"embeddable":true,"href":"https:\/\/www.bernadettedelourdes.fr\/de\/wp-json\/wp\/v2\/users\/1"}],"replies":[{"embeddable":true,"href":"https:\/\/www.bernadettedelourdes.fr\/de\/wp-json\/wp\/v2\/comments?post=1046"}],"version-history":[{"count":0,"href":"https:\/\/www.bernadettedelourdes.fr\/de\/wp-json\/wp\/v2\/pages\/1046\/revisions"}],"wp:attachment":[{"href":"https:\/\/www.bernadettedelourdes.fr\/de\/wp-json\/wp\/v2\/media?parent=1046"}],"curies":[{"name":"wp","href":"https:\/\/api.w.org\/{rel}","templated":true}]}}