{"id":1180,"date":"2018-08-17T14:56:23","date_gmt":"2018-08-17T12:56:23","guid":{"rendered":"https:\/\/www.bernadettedelourdes.fr\/?page_id=1180"},"modified":"2024-12-12T10:25:16","modified_gmt":"2024-12-12T09:25:16","slug":"accueil","status":"publish","type":"page","link":"https:\/\/www.bernadettedelourdes.fr\/pl\/","title":{"rendered":"Accueil"},"content":{"rendered":"<p>[vc_row fullwidth=&#8221;has-fullwidth-column-no-padding&#8221;][vc_column]\n\t\t\t<!-- START Home EN REVOLUTION SLIDER 6.7.20 --><p class=\"rs-p-wp-fix\"><\/p>\n\t\t\t<rs-module-wrap id=\"rev_slider_4_1_wrapper\" data-source=\"gallery\" style=\"visibility:hidden;background:transparent;padding:0;margin:0px auto;margin-top:0;margin-bottom:0;\">\n\t\t\t\t<rs-module id=\"rev_slider_4_1\" style=\"\" data-version=\"6.7.20\">\n\t\t\t\t\t<rs-slides style=\"overflow: hidden; position: absolute;\">\n\t\t\t\t\t\t<rs-slide style=\"position: absolute;\" data-key=\"rs-11\" data-title=\"Slide\" data-anim=\"ms:100ms;\" data-in=\"o:0;\" data-out=\"a:false;\">\n\t\t\t\t\t\t\t<img decoding=\"async\" src=\"\/\/www.bernadettedelourdes.fr\/wp-content\/plugins\/revslider\/sr6\/assets\/assets\/dummy.png\" alt=\"\" title=\"Version-EN_11.jpeg\" width=\"1920\" height=\"1080\" class=\"rev-slidebg tp-rs-img rs-lazyload\" data-lazyload=\"\/\/www.bernadettedelourdes.fr\/wp-content\/uploads\/revslider\/video-media\/Version-EN_11.jpeg\" data-no-retina>\n\t\t\t\t\t\t\t<rs-bgvideo \n\t\t\t\t\t\t\t\tdata-video=\"w:100%;h:100%;nse:false;l:true;ptimer:false;vfc:true;\"\n\t\t\t\t\t\t\t\tdata-mp4=\"\/\/www.bernadettedelourdes.fr\/wp-content\/uploads\/2024\/12\/Version-EN.mp4\"\n\t\t\t\t\t\t\t><\/rs-bgvideo>\n<!---->\t\t\t\t\t<\/rs-slide>\n\t\t\t\t\t<\/rs-slides>\n\t\t\t\t<\/rs-module>\n\t\t\t\t<script>\n\t\t\t\t\tsetREVStartSize({c: 'rev_slider_4_1',rl:[1240,1024,768,480],el:[900,768,960,720],gw:[1240,1024,778,480],gh:[900,609,400,300],type:'standard',justify:'',layout:'fullwidth',mh:\"0\"});if (window.RS_MODULES!==undefined && window.RS_MODULES.modules!==undefined && window.RS_MODULES.modules[\"revslider41\"]!==undefined) {window.RS_MODULES.modules[\"revslider41\"].once = false;window.revapi4 = undefined;if (window.RS_MODULES.checkMinimal!==undefined) window.RS_MODULES.checkMinimal()}\n\t\t\t\t<\/script>\n\t\t\t<\/rs-module-wrap>\n\t\t\t<!-- END REVOLUTION SLIDER -->\n[\/vc_column][\/vc_row][vc_row disable_element=&#8221;yes&#8221; bg_color=&#8221;#d8298c&#8221; padding_top=&#8221;30&#8243; padding_bottom=&#8221;30&#8243;][vc_column]<div class=\" text-center page-scroll\"><a class=\"btn btn-alt btn-white \" target=\"_self\" href=\"https:\/\/www.bernadettedelourdes.fr\/en\/the-musical-show-throughout-france\/\" style=\"margin-top: 10px; margin-bottom: 10px; margin-left: px; margin-right: px; border-radius:6px;\">KASA BILETOWA<\/a><\/div>[\/vc_column][\/vc_row][vc_row padding_top=&#8221;30&#8243; padding_bottom=&#8221;30&#8243;][vc_column]<div class=\" agni-image custom-image-container text-center\"><div class=\"wpb_wrapper\"><img loading=\"lazy\" decoding=\"async\" style=\"\" width=\"582\" height=\"175\" src=\"https:\/\/www.bernadettedelourdes.fr\/wp-content\/uploads\/2023\/04\/Logo-Bernadette-de-Lourdes.jpg\" class=\"fullwidth-image attachment-full  attachment-full\" alt=\"\" srcset=\"https:\/\/www.bernadettedelourdes.fr\/wp-content\/uploads\/2023\/04\/Logo-Bernadette-de-Lourdes.jpg 582w, https:\/\/www.bernadettedelourdes.fr\/wp-content\/uploads\/2023\/04\/Logo-Bernadette-de-Lourdes-300x90.jpg 300w\" sizes=\"(max-width: 582px) 100vw, 582px\" \/><\/div><\/div>[\/vc_column][\/vc_row][vc_row fullwidth=&#8221;has-fullwidth-column-no-padding&#8221;][vc_column]\n\t\t\t<!-- START Personnages REVOLUTION SLIDER 6.7.20 --><p class=\"rs-p-wp-fix\"><\/p>\n\t\t\t<rs-module-wrap id=\"rev_slider_2_2_wrapper\" data-source=\"gallery\" style=\"visibility:hidden;background:transparent;padding:0;margin:0px auto;margin-top:0;margin-bottom:0;\">\n\t\t\t\t<rs-module id=\"rev_slider_2_2\" style=\"\" data-version=\"6.7.20\">\n\t\t\t\t\t<rs-slides style=\"overflow: hidden; position: absolute;\">\n\t\t\t\t\t\t<rs-slide style=\"position: absolute;\" data-key=\"rs-7\" data-title=\"Slide\" data-anim=\"ms:1000;r:0;\" data-in=\"o:0;\" data-out=\"a:false;\">\n\t\t\t\t\t\t\t<img decoding=\"async\" src=\"\/\/www.bernadettedelourdes.fr\/wp-content\/plugins\/revslider\/sr6\/assets\/assets\/dummy.png\" alt=\"\" title=\"5\" width=\"1800\" height=\"441\" class=\"rev-slidebg tp-rs-img rs-lazyload\" data-lazyload=\"\/\/www.bernadettedelourdes.fr\/wp-content\/uploads\/2019\/09\/5.jpg\" data-parallax=\"off\" data-no-retina>\n<!---->\t\t\t\t\t<\/rs-slide>\n\t\t\t\t\t\t<rs-slide style=\"position: absolute;\" data-key=\"rs-4\" data-title=\"Slide\" data-anim=\"ms:1000;r:0;\" data-in=\"o:0;\" data-out=\"a:false;\">\n\t\t\t\t\t\t\t<img decoding=\"async\" src=\"\/\/www.bernadettedelourdes.fr\/wp-content\/plugins\/revslider\/sr6\/assets\/assets\/dummy.png\" alt=\"\" title=\"1\" width=\"1800\" height=\"411\" class=\"rev-slidebg tp-rs-img rs-lazyload\" data-lazyload=\"\/\/www.bernadettedelourdes.fr\/wp-content\/uploads\/2019\/09\/1.jpg\" data-parallax=\"off\" data-no-retina>\n<!---->\t\t\t\t\t<\/rs-slide>\n\t\t\t\t\t\t<rs-slide style=\"position: absolute;\" data-key=\"rs-6\" data-title=\"Slide\" data-anim=\"ms:1000;r:0;\" data-in=\"o:0;\" data-out=\"a:false;\">\n\t\t\t\t\t\t\t<img decoding=\"async\" src=\"\/\/www.bernadettedelourdes.fr\/wp-content\/plugins\/revslider\/sr6\/assets\/assets\/dummy.png\" alt=\"\" title=\"4\" width=\"1800\" height=\"411\" class=\"rev-slidebg tp-rs-img rs-lazyload\" data-lazyload=\"\/\/www.bernadettedelourdes.fr\/wp-content\/uploads\/2019\/09\/4.jpg\" data-parallax=\"off\" data-no-retina>\n<!---->\t\t\t\t\t<\/rs-slide>\n\t\t\t\t\t\t<rs-slide style=\"position: absolute;\" data-key=\"rs-3\" data-title=\"Slide\" data-anim=\"ms:1000;r:0;\" data-in=\"o:0;\" data-out=\"a:false;\">\n\t\t\t\t\t\t\t<img decoding=\"async\" src=\"\/\/www.bernadettedelourdes.fr\/wp-content\/plugins\/revslider\/sr6\/assets\/assets\/dummy.png\" alt=\"\" title=\"2\" width=\"1800\" height=\"411\" class=\"rev-slidebg tp-rs-img rs-lazyload\" data-lazyload=\"\/\/www.bernadettedelourdes.fr\/wp-content\/uploads\/2019\/09\/2.jpg\" data-parallax=\"off\" data-no-retina>\n<!---->\t\t\t\t\t<\/rs-slide>\n\t\t\t\t\t\t<rs-slide style=\"position: absolute;\" data-key=\"rs-5\" data-title=\"Slide\" data-anim=\"ms:1000;r:0;\" data-in=\"o:0;\" data-out=\"a:false;\">\n\t\t\t\t\t\t\t<img decoding=\"async\" src=\"\/\/www.bernadettedelourdes.fr\/wp-content\/plugins\/revslider\/sr6\/assets\/assets\/dummy.png\" alt=\"\" title=\"2\" width=\"1600\" height=\"610\" class=\"rev-slidebg tp-rs-img rs-lazyload\" data-lazyload=\"\/\/www.bernadettedelourdes.fr\/wp-content\/uploads\/2022\/04\/2.jpg\" data-parallax=\"off\" data-no-retina>\n<!---->\t\t\t\t\t<\/rs-slide>\n\t\t\t\t\t\t<rs-slide style=\"position: absolute;\" data-key=\"rs-9\" data-title=\"Slide\" data-anim=\"ms:1000;r:0;\" data-in=\"o:0;\" data-out=\"a:false;\">\n\t\t\t\t\t\t\t<img decoding=\"async\" src=\"\/\/www.bernadettedelourdes.fr\/wp-content\/plugins\/revslider\/sr6\/assets\/assets\/dummy.png\" alt=\"\" title=\"3\" width=\"1800\" height=\"411\" class=\"rev-slidebg tp-rs-img rs-lazyload\" data-lazyload=\"\/\/www.bernadettedelourdes.fr\/wp-content\/uploads\/2019\/09\/3.jpg\" data-parallax=\"off\" data-no-retina>\n<!---->\t\t\t\t\t<\/rs-slide>\n\t\t\t\t\t\t<rs-slide style=\"position: absolute;\" data-key=\"rs-10\" data-title=\"Slide\" data-anim=\"ms:1000;r:0;\" data-in=\"o:0;\" data-out=\"a:false;\">\n\t\t\t\t\t\t\t<img decoding=\"async\" src=\"\/\/www.bernadettedelourdes.fr\/wp-content\/plugins\/revslider\/sr6\/assets\/assets\/dummy.png\" alt=\"\" title=\"1\" width=\"1800\" height=\"396\" class=\"rev-slidebg tp-rs-img rs-lazyload\" data-lazyload=\"\/\/www.bernadettedelourdes.fr\/wp-content\/uploads\/2022\/04\/1.jpg\" data-parallax=\"off\" data-no-retina>\n<!---->\t\t\t\t\t<\/rs-slide>\n\t\t\t\t\t<\/rs-slides>\n\t\t\t\t\t<rs-static-layers><!--\n\t\t\t\t\t--><\/rs-static-layers>\n\t\t\t\t<\/rs-module>\n\t\t\t\t<script>\n\t\t\t\t\tsetREVStartSize({c: 'rev_slider_2_2',rl:[1240,1024,768,480],el:[411],gw:[1800],gh:[411],type:'standard',justify:'',layout:'fullwidth',mh:\"0\"});if (window.RS_MODULES!==undefined && window.RS_MODULES.modules!==undefined && window.RS_MODULES.modules[\"revslider22\"]!==undefined) {window.RS_MODULES.modules[\"revslider22\"].once = false;window.revapi2 = undefined;if (window.RS_MODULES.checkMinimal!==undefined) window.RS_MODULES.checkMinimal()}\n\t\t\t\t<\/script>\n\t\t\t<\/rs-module-wrap>\n\t\t\t<!-- END REVOLUTION SLIDER -->\n[\/vc_column][\/vc_row][vc_row padding_top=&#8221;30&#8243; padding_bottom=&#8221;30&#8243; bg_color=&#8221;#f6f7f8&#8243;][vc_column]<div class=\" text-center page-scroll\"><a class=\"btn btn-accent btn-lg\" target=\"_blank\" href=\"https:\/\/www.bernadettedelourdes.fr\/en\/the-musical-show-throughout-france\/\" style=\"margin-top: 30px; margin-bottom: 30px; margin-left: px; margin-right: px; border-radius:3px;\"><i class=\"ion-ios-redo\"><\/i>KASA BILETOWA<\/a><\/div>[vc_column_text]<\/p>\n<div style=\"text-align: center;\">\n<p><strong><span class=\"Apple-converted-space\"> KASA BILETOWA<\/span><\/strong><b><br \/>\n<\/b><b><span class=\"Apple-converted-space\"><a href=\"https:\/\/www.bernadettedelourdes.fr\/en\/the-musical-show-throughout-france\/\">Bernadette de Lourdes<\/a><br \/>\n<\/span><\/b>i standardowe punkty sprzeda\u017cy<\/p>\n<\/div>\n<div class=\"maps-lieu\">\n<p>&nbsp;<\/p>\n<p style=\"text-align: center;\"><b>INFORMACJE<span class=\"Apple-converted-space\"><br \/>\n<\/span><\/b><a href=\"mailto:contact@bernadettedelourdes.fr\">contact@bernadettedelourdes.fr<\/a><span class=\"Apple-converted-space\"><br \/>\n<\/span>+33 (0)6 45 71 67 84<\/p>\n<\/div>\n<p>&nbsp;<\/p>\n<p style=\"text-align: center;\"><strong>Sklep internetowy<br \/>\n<a href=\"https:\/\/bernadette.fanavenue.com\">Bernadette de Lourdes<\/a><\/strong><\/p>\n<p>[\/vc_column_text][\/vc_column][\/vc_row]<\/p>\n","protected":false},"excerpt":{"rendered":"<p>[vc_row fullwidth=&#8221;has-fullwidth-column-no-padding&#8221;][vc_column][\/vc_column][\/vc_row][vc_row disable_element=&#8221;yes&#8221; bg_color=&#8221;#d8298c&#8221; padding_top=&#8221;30&#8243; padding_bottom=&#8221;30&#8243;][vc_column][\/vc_column][\/vc_row][vc_row padding_top=&#8221;30&#8243; padding_bottom=&#8221;30&#8243;][vc_column][\/vc_column][\/vc_row][vc_row fullwidth=&#8221;has-fullwidth-column-no-padding&#8221;][vc_column][\/vc_column][\/vc_row][vc_row padding_top=&#8221;30&#8243; padding_bottom=&#8221;30&#8243; bg_color=&#8221;#f6f7f8&#8243;][vc_column][vc_column_text] KASA BILETOWA Bernadette de Lourdes i standardowe punkty sprzeda\u017cy &nbsp; INFORMACJE contact@bernadettedelourdes.fr +33 (0)6 45 71 67 84 &nbsp; Sklep internetowy Bernadette de Lourdes [\/vc_column_text][\/vc_column][\/vc_row]<\/p>\n","protected":false},"author":1,"featured_media":0,"parent":0,"menu_order":0,"comment_status":"closed","ping_status":"closed","template":"","meta":{"_monsterinsights_skip_tracking":false,"_monsterinsights_sitenote_active":false,"_monsterinsights_sitenote_note":"","_monsterinsights_sitenote_category":0,"ngg_post_thumbnail":0,"footnotes":""},"yoast_head":"<!-- This site is optimized with the Yoast SEO plugin v23.0 - https:\/\/yoast.com\/wordpress\/plugins\/seo\/ -->\n<title>Bernadette de Lourdes - Spektakl muzyczny<\/title>\n<meta name=\"description\" content=\"BERNADETA Z LOURDES to historia fascynuj\u0105cych i inspiruj\u0105cych objawie\u0144 maryjnych, kt\u00f3rych \u015bwiadkiem jest m\u0142oda Bernadeta SOUBIROUS. Dzi\u0119ki oficjalnym doniesieniom mo\u017cemy odtworzy\u0107 przygod\u0119 Bernadety i uczyni\u0107 z niej wzruszaj\u0105ce i jednocz\u0105ce przedstawienie.\" \/>\n<meta name=\"robots\" content=\"index, follow, max-snippet:-1, max-image-preview:large, max-video-preview:-1\" \/>\n<link rel=\"canonical\" href=\"https:\/\/www.bernadettedelourdes.fr\/pl\/\" \/>\n<meta property=\"og:locale\" content=\"pl_PL\" \/>\n<meta property=\"og:type\" content=\"article\" \/>\n<meta property=\"og:title\" content=\"Bernadette de Lourdes - Spektakl muzyczny\" \/>\n<meta property=\"og:description\" content=\"BERNADETA Z LOURDES to historia fascynuj\u0105cych i inspiruj\u0105cych objawie\u0144 maryjnych, kt\u00f3rych \u015bwiadkiem jest m\u0142oda Bernadeta SOUBIROUS. Dzi\u0119ki oficjalnym doniesieniom mo\u017cemy odtworzy\u0107 przygod\u0119 Bernadety i uczyni\u0107 z niej wzruszaj\u0105ce i jednocz\u0105ce przedstawienie.\" \/>\n<meta property=\"og:url\" content=\"https:\/\/www.bernadettedelourdes.fr\/pl\/\" \/>\n<meta property=\"og:site_name\" content=\"Bernadette de Lourdes\" \/>\n<meta property=\"article:publisher\" content=\"https:\/\/www.facebook.com\/Bernadette-de-Lourdes-324306451391676\/\" \/>\n<meta property=\"article:modified_time\" content=\"2024-12-12T09:25:16+00:00\" \/>\n<meta name=\"twitter:card\" content=\"summary_large_image\" \/>\n<meta name=\"twitter:label1\" content=\"Szacowany czas czytania\" \/>\n\t<meta name=\"twitter:data1\" content=\"1 minuta\" \/>\n<script type=\"application\/ld+json\" class=\"yoast-schema-graph\">{\"@context\":\"https:\/\/schema.org\",\"@graph\":[{\"@type\":\"WebPage\",\"@id\":\"https:\/\/www.bernadettedelourdes.fr\/pl\/\",\"url\":\"https:\/\/www.bernadettedelourdes.fr\/pl\/\",\"name\":\"Bernadette de Lourdes - Spektakl muzyczny\",\"isPartOf\":{\"@id\":\"https:\/\/www.bernadettedelourdes.fr\/it\/#website\"},\"datePublished\":\"2018-08-17T12:56:23+00:00\",\"dateModified\":\"2024-12-12T09:25:16+00:00\",\"description\":\"BERNADETA Z LOURDES to historia fascynuj\u0105cych i inspiruj\u0105cych objawie\u0144 maryjnych, kt\u00f3rych \u015bwiadkiem jest m\u0142oda Bernadeta SOUBIROUS. Dzi\u0119ki oficjalnym doniesieniom mo\u017cemy odtworzy\u0107 przygod\u0119 Bernadety i uczyni\u0107 z niej wzruszaj\u0105ce i jednocz\u0105ce przedstawienie.\",\"breadcrumb\":{\"@id\":\"https:\/\/www.bernadettedelourdes.fr\/pl\/#breadcrumb\"},\"inLanguage\":\"pl-PL\",\"potentialAction\":[{\"@type\":\"ReadAction\",\"target\":[\"https:\/\/www.bernadettedelourdes.fr\/pl\/\"]}]},{\"@type\":\"BreadcrumbList\",\"@id\":\"https:\/\/www.bernadettedelourdes.fr\/pl\/#breadcrumb\",\"itemListElement\":[{\"@type\":\"ListItem\",\"position\":1,\"name\":\"Accueil\",\"item\":\"https:\/\/www.bernadettedelourdes.fr\/pl\/\"},{\"@type\":\"ListItem\",\"position\":2,\"name\":\"Accueil\"}]},{\"@type\":\"WebSite\",\"@id\":\"https:\/\/www.bernadettedelourdes.fr\/it\/#website\",\"url\":\"https:\/\/www.bernadettedelourdes.fr\/it\/\",\"name\":\"Bernadette de Lourdes\",\"description\":\"Le spectacle musical\",\"publisher\":{\"@id\":\"https:\/\/www.bernadettedelourdes.fr\/it\/#organization\"},\"potentialAction\":[{\"@type\":\"SearchAction\",\"target\":{\"@type\":\"EntryPoint\",\"urlTemplate\":\"https:\/\/www.bernadettedelourdes.fr\/it\/?s={search_term_string}\"},\"query-input\":\"required name=search_term_string\"}],\"inLanguage\":\"pl-PL\"},{\"@type\":\"Organization\",\"@id\":\"https:\/\/www.bernadettedelourdes.fr\/it\/#organization\",\"name\":\"Bernadette de Lourdes\",\"url\":\"https:\/\/www.bernadettedelourdes.fr\/it\/\",\"logo\":{\"@type\":\"ImageObject\",\"inLanguage\":\"pl-PL\",\"@id\":\"https:\/\/www.bernadettedelourdes.fr\/it\/#\/schema\/logo\/image\/\",\"url\":\"https:\/\/www.bernadettedelourdes.fr\/wp-content\/uploads\/2018\/02\/Bernadette-de-Lourdes-contact.jpg\",\"contentUrl\":\"https:\/\/www.bernadettedelourdes.fr\/wp-content\/uploads\/2018\/02\/Bernadette-de-Lourdes-contact.jpg\",\"width\":600,\"height\":884,\"caption\":\"Bernadette de Lourdes\"},\"image\":{\"@id\":\"https:\/\/www.bernadettedelourdes.fr\/it\/#\/schema\/logo\/image\/\"},\"sameAs\":[\"https:\/\/www.facebook.com\/Bernadette-de-Lourdes-324306451391676\/\",\"https:\/\/www.instagram.com\/musical_bernadettedelourdes\/\"]}]}<\/script>\n<!-- \/ Yoast SEO plugin. -->","yoast_head_json":{"title":"Bernadette de Lourdes - Spektakl muzyczny","description":"BERNADETA Z LOURDES to historia fascynuj\u0105cych i inspiruj\u0105cych objawie\u0144 maryjnych, kt\u00f3rych \u015bwiadkiem jest m\u0142oda Bernadeta SOUBIROUS. Dzi\u0119ki oficjalnym doniesieniom mo\u017cemy odtworzy\u0107 przygod\u0119 Bernadety i uczyni\u0107 z niej wzruszaj\u0105ce i jednocz\u0105ce przedstawienie.","robots":{"index":"index","follow":"follow","max-snippet":"max-snippet:-1","max-image-preview":"max-image-preview:large","max-video-preview":"max-video-preview:-1"},"canonical":"https:\/\/www.bernadettedelourdes.fr\/pl\/","og_locale":"pl_PL","og_type":"article","og_title":"Bernadette de Lourdes - Spektakl muzyczny","og_description":"BERNADETA Z LOURDES to historia fascynuj\u0105cych i inspiruj\u0105cych objawie\u0144 maryjnych, kt\u00f3rych \u015bwiadkiem jest m\u0142oda Bernadeta SOUBIROUS. Dzi\u0119ki oficjalnym doniesieniom mo\u017cemy odtworzy\u0107 przygod\u0119 Bernadety i uczyni\u0107 z niej wzruszaj\u0105ce i jednocz\u0105ce przedstawienie.","og_url":"https:\/\/www.bernadettedelourdes.fr\/pl\/","og_site_name":"Bernadette de Lourdes","article_publisher":"https:\/\/www.facebook.com\/Bernadette-de-Lourdes-324306451391676\/","article_modified_time":"2024-12-12T09:25:16+00:00","twitter_card":"summary_large_image","twitter_misc":{"Szacowany czas czytania":"1 minuta"},"schema":{"@context":"https:\/\/schema.org","@graph":[{"@type":"WebPage","@id":"https:\/\/www.bernadettedelourdes.fr\/pl\/","url":"https:\/\/www.bernadettedelourdes.fr\/pl\/","name":"Bernadette de Lourdes - Spektakl muzyczny","isPartOf":{"@id":"https:\/\/www.bernadettedelourdes.fr\/it\/#website"},"datePublished":"2018-08-17T12:56:23+00:00","dateModified":"2024-12-12T09:25:16+00:00","description":"BERNADETA Z LOURDES to historia fascynuj\u0105cych i inspiruj\u0105cych objawie\u0144 maryjnych, kt\u00f3rych \u015bwiadkiem jest m\u0142oda Bernadeta SOUBIROUS. Dzi\u0119ki oficjalnym doniesieniom mo\u017cemy odtworzy\u0107 przygod\u0119 Bernadety i uczyni\u0107 z niej wzruszaj\u0105ce i jednocz\u0105ce przedstawienie.","breadcrumb":{"@id":"https:\/\/www.bernadettedelourdes.fr\/pl\/#breadcrumb"},"inLanguage":"pl-PL","potentialAction":[{"@type":"ReadAction","target":["https:\/\/www.bernadettedelourdes.fr\/pl\/"]}]},{"@type":"BreadcrumbList","@id":"https:\/\/www.bernadettedelourdes.fr\/pl\/#breadcrumb","itemListElement":[{"@type":"ListItem","position":1,"name":"Accueil","item":"https:\/\/www.bernadettedelourdes.fr\/pl\/"},{"@type":"ListItem","position":2,"name":"Accueil"}]},{"@type":"WebSite","@id":"https:\/\/www.bernadettedelourdes.fr\/it\/#website","url":"https:\/\/www.bernadettedelourdes.fr\/it\/","name":"Bernadette de Lourdes","description":"Le spectacle musical","publisher":{"@id":"https:\/\/www.bernadettedelourdes.fr\/it\/#organization"},"potentialAction":[{"@type":"SearchAction","target":{"@type":"EntryPoint","urlTemplate":"https:\/\/www.bernadettedelourdes.fr\/it\/?s={search_term_string}"},"query-input":"required name=search_term_string"}],"inLanguage":"pl-PL"},{"@type":"Organization","@id":"https:\/\/www.bernadettedelourdes.fr\/it\/#organization","name":"Bernadette de Lourdes","url":"https:\/\/www.bernadettedelourdes.fr\/it\/","logo":{"@type":"ImageObject","inLanguage":"pl-PL","@id":"https:\/\/www.bernadettedelourdes.fr\/it\/#\/schema\/logo\/image\/","url":"https:\/\/www.bernadettedelourdes.fr\/wp-content\/uploads\/2018\/02\/Bernadette-de-Lourdes-contact.jpg","contentUrl":"https:\/\/www.bernadettedelourdes.fr\/wp-content\/uploads\/2018\/02\/Bernadette-de-Lourdes-contact.jpg","width":600,"height":884,"caption":"Bernadette de Lourdes"},"image":{"@id":"https:\/\/www.bernadettedelourdes.fr\/it\/#\/schema\/logo\/image\/"},"sameAs":["https:\/\/www.facebook.com\/Bernadette-de-Lourdes-324306451391676\/","https:\/\/www.instagram.com\/musical_bernadettedelourdes\/"]}]}},"_links":{"self":[{"href":"https:\/\/www.bernadettedelourdes.fr\/pl\/wp-json\/wp\/v2\/pages\/1180"}],"collection":[{"href":"https:\/\/www.bernadettedelourdes.fr\/pl\/wp-json\/wp\/v2\/pages"}],"about":[{"href":"https:\/\/www.bernadettedelourdes.fr\/pl\/wp-json\/wp\/v2\/types\/page"}],"author":[{"embeddable":true,"href":"https:\/\/www.bernadettedelourdes.fr\/pl\/wp-json\/wp\/v2\/users\/1"}],"replies":[{"embeddable":true,"href":"https:\/\/www.bernadettedelourdes.fr\/pl\/wp-json\/wp\/v2\/comments?post=1180"}],"version-history":[{"count":0,"href":"https:\/\/www.bernadettedelourdes.fr\/pl\/wp-json\/wp\/v2\/pages\/1180\/revisions"}],"wp:attachment":[{"href":"https:\/\/www.bernadettedelourdes.fr\/pl\/wp-json\/wp\/v2\/media?parent=1180"}],"curies":[{"name":"wp","href":"https:\/\/api.w.org\/{rel}","templated":true}]}}