{"id":1216,"date":"2018-08-17T15:37:44","date_gmt":"2018-08-17T13:37:44","guid":{"rendered":"https:\/\/www.bernadettedelourdes.fr\/?page_id=1216"},"modified":"2019-01-28T14:34:25","modified_gmt":"2019-01-28T13:34:25","slug":"wideo","status":"publish","type":"page","link":"https:\/\/www.bernadettedelourdes.fr\/pl\/wideo\/","title":{"rendered":"WIDEO"},"content":{"rendered":"<p>[vc_row bg_choice=&#8221;2&#8243; bg_image_repeat=&#8221;no-repeat&#8221; margin_top=&#8221;0&#8243; padding_top=&#8221;30&#8243; bg_image=&#8221;80&#8243; padding_bottom=&#8221;30&#8243;][vc_column][vc_custom_heading text=&#8221;WIDEO&#8221; font_container=&#8221;tag:h2|font_size:58|text_align:center|color:%23ffffff&#8221; google_fonts=&#8221;font_family:Bitter%3Aregular%2Citalic%2C700|font_style:400%20regular%3A400%3Anormal&#8221;][vc_custom_heading text=&#8221;Bernadeta z Lourdes&#8221; font_container=&#8221;tag:h2|font_size:36|text_align:center|color:%23ffffff&#8221; google_fonts=&#8221;font_family:Bitter%3Aregular%2Citalic%2C700|font_style:700%20bold%20regular%3A700%3Anormal&#8221; css=&#8221;.vc_custom_1534513004799{margin-bottom: 0px !important;border-bottom-width: 0px !important;padding-bottom: 0px !important;}&#8221;][vc_custom_heading text=&#8221;Spektakl muzyczny&#8221; font_container=&#8221;tag:h2|font_size:28|text_align:center|color:%23ffffff&#8221; google_fonts=&#8221;font_family:Bitter%3Aregular%2Citalic%2C700|font_style:400%20regular%3A400%3Anormal&#8221; css=&#8221;.vc_custom_1534513017329{margin-top: 0px !important;border-top-width: 0px !important;padding-top: 0px !important;}&#8221;][\/vc_column][\/vc_row][vc_row][vc_column][vc_column_text]<\/p>\n<p>[\/vc_column_text][\/vc_column][\/vc_row][vc_row margin_bottom=&#8221;0&#8243; padding_bottom=&#8221;0&#8243; margin_top=&#8221;35&#8243;][vc_column][vc_column_text css=&#8221;.vc_custom_1548682461388{margin-bottom: 0px !important;border-bottom-width: 0px !important;padding-bottom: 0px !important;}&#8221;]<\/p>\n<div class=\"\" style=\"text-align: center;\">Aktorzy Bernadette De Lourdes ze wspania\u0142ym wyst\u0119pem na \u017cywo w Omar Park w Panamie na \u015awiatowy Dzie\u0144 M\u0142odzie\u017cy.<br \/>\nStycze\u0144 2019 r<\/div>\n<p>[\/vc_column_text][\/vc_column][\/vc_row][vc_row padding_bottom=&#8221;40&#8243;][vc_column width=&#8221;1\/4&#8243;][\/vc_column][vc_column width=&#8221;1\/2&#8243;][vc_column_text]<iframe loading=\"lazy\" src=\"https:\/\/www.youtube.com\/embed\/bvljlMrIVe0\" width=\"560\" height=\"315\" frameborder=\"0\" allowfullscreen=\"allowfullscreen\"><\/iframe>[\/vc_column_text][\/vc_column][vc_column width=&#8221;1\/4&#8243;][\/vc_column][\/vc_row][vc_row padding_bottom=&#8221;40&#8243;][vc_column width=&#8221;1\/4&#8243;][\/vc_column][vc_column width=&#8221;1\/2&#8243;][vc_column_text]<iframe loading=\"lazy\" style=\"border: none; overflow: hidden;\" src=\"https:\/\/www.facebook.com\/plugins\/video.php?href=https%3A%2F%2Fwww.facebook.com%2Froberto.ciurleo.16%2Fvideos%2F10156248222448999%2F&amp;show_text=0&amp;width=560\" width=\"560\" height=\"420\" frameborder=\"0\" scrolling=\"no\" allowfullscreen=\"allowfullscreen\"><\/iframe>[\/vc_column_text][\/vc_column][vc_column width=&#8221;1\/4&#8243;][\/vc_column][\/vc_row][vc_row margin_bottom=&#8221;0&#8243; padding_bottom=&#8221;0&#8243; margin_top=&#8221;35&#8243;][vc_column][vc_column_text css=&#8221;.vc_custom_1542276503972{margin-bottom: 0px !important;border-bottom-width: 0px !important;padding-bottom: 0px !important;}&#8221;]<\/p>\n<div class=\"\" style=\"text-align: center;\">\u00ab\u00a0Aquero\u00a0\u00bb, Ko\u015bci\u00f3\u0142 Val-de-Grace w Pary\u017cu<\/div>\n<div class=\"\" style=\"text-align: center;\">7 listopada 2018 r<\/div>\n<p>[\/vc_column_text][\/vc_column][\/vc_row][vc_row padding_bottom=&#8221;40&#8243;][vc_column width=&#8221;1\/4&#8243;][\/vc_column][vc_column width=&#8221;1\/2&#8243;][vc_column_text]<iframe loading=\"lazy\" style=\"border: none; overflow: hidden;\" src=\"https:\/\/www.facebook.com\/plugins\/video.php?href=https%3A%2F%2Fwww.facebook.com%2Fbdelourdesmusical%2Fvideos%2F871154473089429%2F&amp;show_text=0&amp;width=560\" width=\"560\" height=\"420\" frameborder=\"0\" scrolling=\"no\" allowfullscreen=\"allowfullscreen\"><\/iframe>[\/vc_column_text][\/vc_column][vc_column width=&#8221;1\/4&#8243;][\/vc_column][\/vc_row][vc_row padding_bottom=&#8221;40&#8243;][vc_column width=&#8221;1\/4&#8243;][\/vc_column][vc_column width=&#8221;1\/2&#8243;][vc_column_text]<iframe loading=\"lazy\" src=\"https:\/\/www.youtube.com\/embed\/G20Oaebc-Bk?rel=0&amp;controls=0&amp;showinfo=0\" width=\"560\" height=\"315\" frameborder=\"0\" allowfullscreen=\"allowfullscreen\"><\/iframe>[\/vc_column_text][\/vc_column][vc_column width=&#8221;1\/4&#8243;][\/vc_column][\/vc_row][vc_row margin_bottom=&#8221;0&#8243; padding_bottom=&#8221;0&#8243; margin_top=&#8221;35&#8243;][vc_column][vc_column_text css=&#8221;.vc_custom_1539163068740{margin-bottom: 0px !important;border-bottom-width: 0px !important;padding-bottom: 0px !important;}&#8221;]<\/p>\n<p style=\"text-align: center;\">5 pa\u017adziernika 2018 r. W Lourdes<\/p>\n<p>[\/vc_column_text][\/vc_column][\/vc_row][vc_row padding_bottom=&#8221;40&#8243;][vc_column width=&#8221;1\/4&#8243;][\/vc_column][vc_column width=&#8221;1\/2&#8243;][vc_column_text]<iframe loading=\"lazy\" style=\"border: none; overflow: hidden;\" src=\"https:\/\/www.facebook.com\/plugins\/video.php?href=https%3A%2F%2Fwww.facebook.com%2Fbdelourdesmusical%2Fvideos%2F544705582609891%2F&amp;show_text=0&amp;width=560\" width=\"560\" height=\"315\" frameborder=\"0\" scrolling=\"no\" allowfullscreen=\"allowfullscreen\"><\/iframe><br \/>\n[\/vc_column_text][\/vc_column][vc_column width=&#8221;1\/4&#8243;][\/vc_column][\/vc_row][vc_row margin_bottom=&#8221;0&#8243; padding_bottom=&#8221;0&#8243; margin_top=&#8221;35&#8243;][vc_column][vc_column_text css=&#8221;.vc_custom_1534513032401{margin-bottom: 0px !important;border-bottom-width: 0px !important;padding-bottom: 0px !important;}&#8221;]<\/p>\n<p style=\"text-align: center;\">ZWIASTUN<\/p>\n<p>[\/vc_column_text][\/vc_column][\/vc_row][vc_row padding_bottom=&#8221;40&#8243;][vc_column width=&#8221;1\/4&#8243;][\/vc_column][vc_column width=&#8221;1\/2&#8243;][vc_column_text]<iframe loading=\"lazy\" src=\"https:\/\/www.youtube.com\/embed\/HBJriUk-MnE?rel=0&amp;controls=0&amp;showinfo=0\" width=\"560\" height=\"315\" frameborder=\"0\" allowfullscreen=\"allowfullscreen\"><\/iframe>[\/vc_column_text][\/vc_column][vc_column width=&#8221;1\/4&#8243;][\/vc_column][\/vc_row][vc_row][vc_column]<div class=\" separator separator_center\" style=\"width:100%; \">\n\t\t\t\t\t<span class=\"sep_holder sep_holder_l\"><span style=\"border-top-style:dotted; border-color:\" class=\"sep_line\"><\/span><\/span>\n\t\t\t\t\t\n\t\t\t\t\t<span class=\"sep_holder sep_holder_r\"><span style=\"border-top-style:dotted; border-color:\" class=\"sep_line\"><\/span><\/span>\n\t\t\t\t<\/div>[vc_column_text css=&#8221;.vc_custom_1534513048893{margin-bottom: 0px !important;border-bottom-width: 0px !important;padding-bottom: 0px !important;}&#8221;]<\/p>\n<p style=\"text-align: center;\">PREZENTACJA SPEKTAKLU \u2013 11 lutego 2018 r. w Lourdes<\/p>\n<p>[\/vc_column_text][\/vc_column][\/vc_row][vc_row padding_bottom=&#8221;100&#8243;][vc_column width=&#8221;1\/4&#8243;][\/vc_column][vc_column width=&#8221;1\/2&#8243;][vc_column_text]<iframe loading=\"lazy\" src=\"https:\/\/www.youtube.com\/embed\/b5IrQOXN164?rel=0\" width=\"560\" height=\"315\" frameborder=\"0\" allowfullscreen=\"allowfullscreen\" data-mce-fragment=\"1\"><\/iframe>[\/vc_column_text][\/vc_column][vc_column width=&#8221;1\/4&#8243;][\/vc_column][\/vc_row]<\/p>\n","protected":false},"excerpt":{"rendered":"<p>[vc_row bg_choice=&#8221;2&#8243; bg_image_repeat=&#8221;no-repeat&#8221; margin_top=&#8221;0&#8243; padding_top=&#8221;30&#8243; bg_image=&#8221;80&#8243; padding_bottom=&#8221;30&#8243;][vc_column][vc_custom_heading text=&#8221;WIDEO&#8221; font_container=&#8221;tag:h2|font_size:58|text_align:center|color:%23ffffff&#8221; google_fonts=&#8221;font_family:Bitter%3Aregular%2Citalic%2C700|font_style:400%20regular%3A400%3Anormal&#8221;][vc_custom_heading text=&#8221;Bernadeta z Lourdes&#8221; font_container=&#8221;tag:h2|font_size:36|text_align:center|color:%23ffffff&#8221; google_fonts=&#8221;font_family:Bitter%3Aregular%2Citalic%2C700|font_style:700%20bold%20regular%3A700%3Anormal&#8221; css=&#8221;.vc_custom_1534513004799{margin-bottom: 0px !important;border-bottom-width: 0px !important;padding-bottom: 0px !important;}&#8221;][vc_custom_heading text=&#8221;Spektakl muzyczny&#8221; font_container=&#8221;tag:h2|font_size:28|text_align:center|color:%23ffffff&#8221; google_fonts=&#8221;font_family:Bitter%3Aregular%2Citalic%2C700|font_style:400%20regular%3A400%3Anormal&#8221; css=&#8221;.vc_custom_1534513017329{margin-top: 0px !important;border-top-width: 0px !important;padding-top: 0px !important;}&#8221;][\/vc_column][\/vc_row][vc_row][vc_column][vc_column_text] [\/vc_column_text][\/vc_column][\/vc_row][vc_row margin_bottom=&#8221;0&#8243; padding_bottom=&#8221;0&#8243; margin_top=&#8221;35&#8243;][vc_column][vc_column_text css=&#8221;.vc_custom_1548682461388{margin-bottom: 0px !important;border-bottom-width: 0px !important;padding-bottom: 0px !important;}&#8221;] Aktorzy Bernadette De Lourdes ze wspania\u0142ym wyst\u0119pem na \u017cywo w Omar [&hellip;]<\/p>\n","protected":false},"author":1,"featured_media":0,"parent":0,"menu_order":0,"comment_status":"closed","ping_status":"closed","template":"","meta":{"_monsterinsights_skip_tracking":false,"_monsterinsights_sitenote_active":false,"_monsterinsights_sitenote_note":"","_monsterinsights_sitenote_category":0,"ngg_post_thumbnail":0,"footnotes":""},"yoast_head":"<!-- This site is optimized with the Yoast SEO plugin v23.0 - https:\/\/yoast.com\/wordpress\/plugins\/seo\/ -->\n<title>WIDEO - Bernadette de Lourdes<\/title>\n<meta name=\"robots\" content=\"index, follow, max-snippet:-1, max-image-preview:large, max-video-preview:-1\" \/>\n<link rel=\"canonical\" href=\"https:\/\/www.bernadettedelourdes.fr\/pl\/wideo\/\" \/>\n<meta property=\"og:locale\" content=\"pl_PL\" \/>\n<meta property=\"og:type\" content=\"article\" \/>\n<meta property=\"og:title\" content=\"WIDEO - Bernadette de Lourdes\" \/>\n<meta property=\"og:description\" content=\"[vc_row bg_choice=&#8221;2&#8243; bg_image_repeat=&#8221;no-repeat&#8221; margin_top=&#8221;0&#8243; padding_top=&#8221;30&#8243; bg_image=&#8221;80&#8243; padding_bottom=&#8221;30&#8243;][vc_column][vc_custom_heading text=&#8221;WIDEO&#8221; font_container=&#8221;tag:h2|font_size:58|text_align:center|color:%23ffffff&#8221; google_fonts=&#8221;font_family:Bitter%3Aregular%2Citalic%2C700|font_style:400%20regular%3A400%3Anormal&#8221;][vc_custom_heading text=&#8221;Bernadeta z Lourdes&#8221; font_container=&#8221;tag:h2|font_size:36|text_align:center|color:%23ffffff&#8221; google_fonts=&#8221;font_family:Bitter%3Aregular%2Citalic%2C700|font_style:700%20bold%20regular%3A700%3Anormal&#8221; css=&#8221;.vc_custom_1534513004799{margin-bottom: 0px !important;border-bottom-width: 0px !important;padding-bottom: 0px !important;}&#8221;][vc_custom_heading text=&#8221;Spektakl muzyczny&#8221; font_container=&#8221;tag:h2|font_size:28|text_align:center|color:%23ffffff&#8221; google_fonts=&#8221;font_family:Bitter%3Aregular%2Citalic%2C700|font_style:400%20regular%3A400%3Anormal&#8221; css=&#8221;.vc_custom_1534513017329{margin-top: 0px !important;border-top-width: 0px !important;padding-top: 0px !important;}&#8221;][\/vc_column][\/vc_row][vc_row][vc_column][vc_column_text] [\/vc_column_text][\/vc_column][\/vc_row][vc_row margin_bottom=&#8221;0&#8243; padding_bottom=&#8221;0&#8243; margin_top=&#8221;35&#8243;][vc_column][vc_column_text css=&#8221;.vc_custom_1548682461388{margin-bottom: 0px !important;border-bottom-width: 0px !important;padding-bottom: 0px !important;}&#8221;] Aktorzy Bernadette De Lourdes ze wspania\u0142ym wyst\u0119pem na \u017cywo w Omar [&hellip;]\" \/>\n<meta property=\"og:url\" content=\"https:\/\/www.bernadettedelourdes.fr\/pl\/wideo\/\" \/>\n<meta property=\"og:site_name\" content=\"Bernadette de Lourdes\" \/>\n<meta property=\"article:publisher\" content=\"https:\/\/www.facebook.com\/Bernadette-de-Lourdes-324306451391676\/\" \/>\n<meta property=\"article:modified_time\" content=\"2019-01-28T13:34:25+00:00\" \/>\n<meta name=\"twitter:card\" content=\"summary_large_image\" \/>\n<meta name=\"twitter:label1\" content=\"Szacowany czas czytania\" \/>\n\t<meta name=\"twitter:data1\" content=\"3 minuty\" \/>\n<script type=\"application\/ld+json\" class=\"yoast-schema-graph\">{\"@context\":\"https:\/\/schema.org\",\"@graph\":[{\"@type\":\"WebPage\",\"@id\":\"https:\/\/www.bernadettedelourdes.fr\/pl\/wideo\/\",\"url\":\"https:\/\/www.bernadettedelourdes.fr\/pl\/wideo\/\",\"name\":\"WIDEO - Bernadette de Lourdes\",\"isPartOf\":{\"@id\":\"https:\/\/www.bernadettedelourdes.fr\/it\/#website\"},\"datePublished\":\"2018-08-17T13:37:44+00:00\",\"dateModified\":\"2019-01-28T13:34:25+00:00\",\"breadcrumb\":{\"@id\":\"https:\/\/www.bernadettedelourdes.fr\/pl\/wideo\/#breadcrumb\"},\"inLanguage\":\"pl-PL\",\"potentialAction\":[{\"@type\":\"ReadAction\",\"target\":[\"https:\/\/www.bernadettedelourdes.fr\/pl\/wideo\/\"]}]},{\"@type\":\"BreadcrumbList\",\"@id\":\"https:\/\/www.bernadettedelourdes.fr\/pl\/wideo\/#breadcrumb\",\"itemListElement\":[{\"@type\":\"ListItem\",\"position\":1,\"name\":\"Accueil\",\"item\":\"https:\/\/www.bernadettedelourdes.fr\/pl\/\"},{\"@type\":\"ListItem\",\"position\":2,\"name\":\"WIDEO\"}]},{\"@type\":\"WebSite\",\"@id\":\"https:\/\/www.bernadettedelourdes.fr\/it\/#website\",\"url\":\"https:\/\/www.bernadettedelourdes.fr\/it\/\",\"name\":\"Bernadette de Lourdes\",\"description\":\"Le spectacle musical\",\"publisher\":{\"@id\":\"https:\/\/www.bernadettedelourdes.fr\/it\/#organization\"},\"potentialAction\":[{\"@type\":\"SearchAction\",\"target\":{\"@type\":\"EntryPoint\",\"urlTemplate\":\"https:\/\/www.bernadettedelourdes.fr\/it\/?s={search_term_string}\"},\"query-input\":\"required name=search_term_string\"}],\"inLanguage\":\"pl-PL\"},{\"@type\":\"Organization\",\"@id\":\"https:\/\/www.bernadettedelourdes.fr\/it\/#organization\",\"name\":\"Bernadette de Lourdes\",\"url\":\"https:\/\/www.bernadettedelourdes.fr\/it\/\",\"logo\":{\"@type\":\"ImageObject\",\"inLanguage\":\"pl-PL\",\"@id\":\"https:\/\/www.bernadettedelourdes.fr\/it\/#\/schema\/logo\/image\/\",\"url\":\"https:\/\/www.bernadettedelourdes.fr\/wp-content\/uploads\/2018\/02\/Bernadette-de-Lourdes-contact.jpg\",\"contentUrl\":\"https:\/\/www.bernadettedelourdes.fr\/wp-content\/uploads\/2018\/02\/Bernadette-de-Lourdes-contact.jpg\",\"width\":600,\"height\":884,\"caption\":\"Bernadette de Lourdes\"},\"image\":{\"@id\":\"https:\/\/www.bernadettedelourdes.fr\/it\/#\/schema\/logo\/image\/\"},\"sameAs\":[\"https:\/\/www.facebook.com\/Bernadette-de-Lourdes-324306451391676\/\",\"https:\/\/www.instagram.com\/musical_bernadettedelourdes\/\"]}]}<\/script>\n<!-- \/ Yoast SEO plugin. -->","yoast_head_json":{"title":"WIDEO - Bernadette de Lourdes","robots":{"index":"index","follow":"follow","max-snippet":"max-snippet:-1","max-image-preview":"max-image-preview:large","max-video-preview":"max-video-preview:-1"},"canonical":"https:\/\/www.bernadettedelourdes.fr\/pl\/wideo\/","og_locale":"pl_PL","og_type":"article","og_title":"WIDEO - Bernadette de Lourdes","og_description":"[vc_row bg_choice=&#8221;2&#8243; bg_image_repeat=&#8221;no-repeat&#8221; margin_top=&#8221;0&#8243; padding_top=&#8221;30&#8243; bg_image=&#8221;80&#8243; padding_bottom=&#8221;30&#8243;][vc_column][vc_custom_heading text=&#8221;WIDEO&#8221; font_container=&#8221;tag:h2|font_size:58|text_align:center|color:%23ffffff&#8221; google_fonts=&#8221;font_family:Bitter%3Aregular%2Citalic%2C700|font_style:400%20regular%3A400%3Anormal&#8221;][vc_custom_heading text=&#8221;Bernadeta z Lourdes&#8221; font_container=&#8221;tag:h2|font_size:36|text_align:center|color:%23ffffff&#8221; google_fonts=&#8221;font_family:Bitter%3Aregular%2Citalic%2C700|font_style:700%20bold%20regular%3A700%3Anormal&#8221; css=&#8221;.vc_custom_1534513004799{margin-bottom: 0px !important;border-bottom-width: 0px !important;padding-bottom: 0px !important;}&#8221;][vc_custom_heading text=&#8221;Spektakl muzyczny&#8221; font_container=&#8221;tag:h2|font_size:28|text_align:center|color:%23ffffff&#8221; google_fonts=&#8221;font_family:Bitter%3Aregular%2Citalic%2C700|font_style:400%20regular%3A400%3Anormal&#8221; css=&#8221;.vc_custom_1534513017329{margin-top: 0px !important;border-top-width: 0px !important;padding-top: 0px !important;}&#8221;][\/vc_column][\/vc_row][vc_row][vc_column][vc_column_text] [\/vc_column_text][\/vc_column][\/vc_row][vc_row margin_bottom=&#8221;0&#8243; padding_bottom=&#8221;0&#8243; margin_top=&#8221;35&#8243;][vc_column][vc_column_text css=&#8221;.vc_custom_1548682461388{margin-bottom: 0px !important;border-bottom-width: 0px !important;padding-bottom: 0px !important;}&#8221;] Aktorzy Bernadette De Lourdes ze wspania\u0142ym wyst\u0119pem na \u017cywo w Omar [&hellip;]","og_url":"https:\/\/www.bernadettedelourdes.fr\/pl\/wideo\/","og_site_name":"Bernadette de Lourdes","article_publisher":"https:\/\/www.facebook.com\/Bernadette-de-Lourdes-324306451391676\/","article_modified_time":"2019-01-28T13:34:25+00:00","twitter_card":"summary_large_image","twitter_misc":{"Szacowany czas czytania":"3 minuty"},"schema":{"@context":"https:\/\/schema.org","@graph":[{"@type":"WebPage","@id":"https:\/\/www.bernadettedelourdes.fr\/pl\/wideo\/","url":"https:\/\/www.bernadettedelourdes.fr\/pl\/wideo\/","name":"WIDEO - Bernadette de Lourdes","isPartOf":{"@id":"https:\/\/www.bernadettedelourdes.fr\/it\/#website"},"datePublished":"2018-08-17T13:37:44+00:00","dateModified":"2019-01-28T13:34:25+00:00","breadcrumb":{"@id":"https:\/\/www.bernadettedelourdes.fr\/pl\/wideo\/#breadcrumb"},"inLanguage":"pl-PL","potentialAction":[{"@type":"ReadAction","target":["https:\/\/www.bernadettedelourdes.fr\/pl\/wideo\/"]}]},{"@type":"BreadcrumbList","@id":"https:\/\/www.bernadettedelourdes.fr\/pl\/wideo\/#breadcrumb","itemListElement":[{"@type":"ListItem","position":1,"name":"Accueil","item":"https:\/\/www.bernadettedelourdes.fr\/pl\/"},{"@type":"ListItem","position":2,"name":"WIDEO"}]},{"@type":"WebSite","@id":"https:\/\/www.bernadettedelourdes.fr\/it\/#website","url":"https:\/\/www.bernadettedelourdes.fr\/it\/","name":"Bernadette de Lourdes","description":"Le spectacle musical","publisher":{"@id":"https:\/\/www.bernadettedelourdes.fr\/it\/#organization"},"potentialAction":[{"@type":"SearchAction","target":{"@type":"EntryPoint","urlTemplate":"https:\/\/www.bernadettedelourdes.fr\/it\/?s={search_term_string}"},"query-input":"required name=search_term_string"}],"inLanguage":"pl-PL"},{"@type":"Organization","@id":"https:\/\/www.bernadettedelourdes.fr\/it\/#organization","name":"Bernadette de Lourdes","url":"https:\/\/www.bernadettedelourdes.fr\/it\/","logo":{"@type":"ImageObject","inLanguage":"pl-PL","@id":"https:\/\/www.bernadettedelourdes.fr\/it\/#\/schema\/logo\/image\/","url":"https:\/\/www.bernadettedelourdes.fr\/wp-content\/uploads\/2018\/02\/Bernadette-de-Lourdes-contact.jpg","contentUrl":"https:\/\/www.bernadettedelourdes.fr\/wp-content\/uploads\/2018\/02\/Bernadette-de-Lourdes-contact.jpg","width":600,"height":884,"caption":"Bernadette de Lourdes"},"image":{"@id":"https:\/\/www.bernadettedelourdes.fr\/it\/#\/schema\/logo\/image\/"},"sameAs":["https:\/\/www.facebook.com\/Bernadette-de-Lourdes-324306451391676\/","https:\/\/www.instagram.com\/musical_bernadettedelourdes\/"]}]}},"_links":{"self":[{"href":"https:\/\/www.bernadettedelourdes.fr\/pl\/wp-json\/wp\/v2\/pages\/1216"}],"collection":[{"href":"https:\/\/www.bernadettedelourdes.fr\/pl\/wp-json\/wp\/v2\/pages"}],"about":[{"href":"https:\/\/www.bernadettedelourdes.fr\/pl\/wp-json\/wp\/v2\/types\/page"}],"author":[{"embeddable":true,"href":"https:\/\/www.bernadettedelourdes.fr\/pl\/wp-json\/wp\/v2\/users\/1"}],"replies":[{"embeddable":true,"href":"https:\/\/www.bernadettedelourdes.fr\/pl\/wp-json\/wp\/v2\/comments?post=1216"}],"version-history":[{"count":0,"href":"https:\/\/www.bernadettedelourdes.fr\/pl\/wp-json\/wp\/v2\/pages\/1216\/revisions"}],"wp:attachment":[{"href":"https:\/\/www.bernadettedelourdes.fr\/pl\/wp-json\/wp\/v2\/media?parent=1216"}],"curies":[{"name":"wp","href":"https:\/\/api.w.org\/{rel}","templated":true}]}}