{"id":1225,"date":"2018-08-17T15:45:45","date_gmt":"2018-08-17T13:45:45","guid":{"rendered":"https:\/\/www.bernadettedelourdes.fr\/?page_id=1225"},"modified":"2020-01-06T17:36:31","modified_gmt":"2020-01-06T16:36:31","slug":"kontakt","status":"publish","type":"page","link":"https:\/\/www.bernadettedelourdes.fr\/pl\/kontakt\/","title":{"rendered":"KONTAKT"},"content":{"rendered":"<p>[vc_row margin_top=&#8221;0&#8243; padding_top=&#8221;30&#8243; padding_bottom=&#8221;30&#8243; bg_color=&#8221;#e2027b&#8221;][vc_column][vc_custom_heading text=&#8221;KONTAKT&#8221; font_container=&#8221;tag:h2|font_size:58|text_align:center|color:%23ffffff&#8221; google_fonts=&#8221;font_family:Bitter%3Aregular%2Citalic%2C700|font_style:400%20regular%3A400%3Anormal&#8221;][vc_custom_heading text=&#8221;Bernadeta z Lourdes&#8221; font_container=&#8221;tag:h2|font_size:36|text_align:center|color:%23ffffff&#8221; google_fonts=&#8221;font_family:Bitter%3Aregular%2Citalic%2C700|font_style:400%20regular%3A400%3Anormal&#8221; css=&#8221;.vc_custom_1534513425859{margin-bottom: 0px !important;border-bottom-width: 0px !important;padding-bottom: 0px !important;}&#8221;][vc_custom_heading text=&#8221;Spektakl muzyczny&#8221; font_container=&#8221;tag:h2|font_size:28|text_align:center|color:%23ffffff&#8221; google_fonts=&#8221;font_family:Bitter%3Aregular%2Citalic%2C700|font_style:400%20regular%3A400%3Anormal&#8221; css=&#8221;.vc_custom_1534513437226{margin-top: 0px !important;border-top-width: 0px !important;padding-top: 0px !important;}&#8221;][\/vc_column][\/vc_row][vc_row bg_choice=&#8221;2&#8243; margin_top=&#8221;30px&#8221; padding_top=&#8221;50&#8243;][vc_column][vc_row_inner][vc_column_inner width=&#8221;1\/2&#8243;]<div class=\" agni-image custom-image-container text-center\"><div class=\"wpb_wrapper\"><div class=\"animate\" data-animation=\"fadeIn\" data-animation-offset=\"\" style=\"animation-duration: s; \tanimation-delay: 0s; \t-moz-animation-duration: s; \t-moz-animation-delay: 0s; \t-webkit-animation-duration: s; \t-webkit-animation-delay: 0s; \"><img loading=\"lazy\" decoding=\"async\" style=\"\" width=\"600\" height=\"603\" src=\"https:\/\/www.bernadettedelourdes.fr\/wp-content\/uploads\/2018\/02\/Lourdes-1.jpg\" class=\"fullwidth-image attachment-full  attachment-full\" alt=\"\" srcset=\"https:\/\/www.bernadettedelourdes.fr\/wp-content\/uploads\/2018\/02\/Lourdes-1.jpg 600w, https:\/\/www.bernadettedelourdes.fr\/wp-content\/uploads\/2018\/02\/Lourdes-1-150x150.jpg 150w\" sizes=\"(max-width: 600px) 100vw, 600px\" \/><\/div><\/div><\/div>[vc_column_text][\/vc_column_text][vc_column_text css=&#8221;.vc_custom_1534519453365{padding-top: 30px !important;padding-bottom: 30px !important;}&#8221;]<\/p>\n<p style=\"text-align: center;\">contact@bernadettedelourdes.fr<br \/>\n+33 (0)6 45 71 67 84<\/p>\n<p>[\/vc_column_text][\/vc_column_inner][vc_column_inner width=&#8221;1\/2&#8243;][vc_column_text]<span style=\"color: #999999;\"><strong><span style=\"color: #000000;\">&#8222;Boulet aoue era bouentat de mettre voste noum per exriout ?&#8221;<\/span><\/strong><i><br \/>\n<\/i><\/span>Czy b\u0119dziesz tak dobra i napiszesz swoje imi\u0119?<br \/>\n<span style=\"color: #999999;\"><i>Bernadeta Soubirous zadaje pytanie \u201ePani w bieli\u201d<\/i><\/span>[\/vc_column_text]\n<div class=\"wpcf7 no-js\" id=\"wpcf7-f1229-o1\" lang=\"fr-FR\" dir=\"ltr\">\n<div class=\"screen-reader-response\"><p role=\"status\" aria-live=\"polite\" aria-atomic=\"true\"><\/p> <ul><\/ul><\/div>\n<form action=\"\/pl\/wp-json\/wp\/v2\/pages\/1225#wpcf7-f1229-o1\" method=\"post\" class=\"wpcf7-form init\" aria-label=\"Formulaire de contact\" novalidate=\"novalidate\" data-status=\"init\">\n<div style=\"display: none;\">\n<input type=\"hidden\" name=\"_wpcf7\" value=\"1229\" \/>\n<input type=\"hidden\" name=\"_wpcf7_version\" value=\"5.9.6\" \/>\n<input type=\"hidden\" name=\"_wpcf7_locale\" value=\"fr_FR\" \/>\n<input type=\"hidden\" name=\"_wpcf7_unit_tag\" value=\"wpcf7-f1229-o1\" \/>\n<input type=\"hidden\" name=\"_wpcf7_container_post\" value=\"0\" \/>\n<input type=\"hidden\" name=\"_wpcf7_posted_data_hash\" value=\"\" \/>\n<input type=\"hidden\" name=\"_wpcf7_recaptcha_response\" value=\"\" \/>\n<\/div>\n<p><label> Twoje nazwisko<br \/>\n<span class=\"wpcf7-form-control-wrap\" data-name=\"your-name\"><input size=\"40\" maxlength=\"80\" class=\"wpcf7-form-control wpcf7-text wpcf7-validates-as-required\" aria-required=\"true\" aria-invalid=\"false\" value=\"\" type=\"text\" name=\"your-name\" \/><\/span> <\/label>\n<\/p>\n<p><label> Tw\u00f3j adres e-mail<br \/>\n<span class=\"wpcf7-form-control-wrap\" data-name=\"your-email\"><input size=\"40\" maxlength=\"80\" class=\"wpcf7-form-control wpcf7-email wpcf7-validates-as-required wpcf7-text wpcf7-validates-as-email\" aria-required=\"true\" aria-invalid=\"false\" value=\"\" type=\"email\" name=\"your-email\" \/><\/span> <\/label>\n<\/p>\n<p><label> Cel twojej wiadomo\u015bci<br \/>\n<span class=\"wpcf7-form-control-wrap\" data-name=\"your-subject\"><input size=\"40\" maxlength=\"80\" class=\"wpcf7-form-control wpcf7-text\" aria-invalid=\"false\" value=\"\" type=\"text\" name=\"your-subject\" \/><\/span> <\/label>\n<\/p>\n<p><label> Twoja wiadomo\u015b\u0107<br \/>\n<span class=\"wpcf7-form-control-wrap\" data-name=\"your-message\"><textarea cols=\"40\" rows=\"10\" maxlength=\"400\" class=\"wpcf7-form-control wpcf7-textarea\" aria-invalid=\"false\" name=\"your-message\"><\/textarea><\/span> <\/label>\n<\/p>\n<p><input class=\"wpcf7-form-control wpcf7-submit has-spinner\" type=\"submit\" value=\"Wy\u015blij wiadomo\u015b\u0107\" \/>\n<\/p><input type='hidden' class='wpcf7-pum' value='{\"closepopup\":false,\"closedelay\":0,\"openpopup\":false,\"openpopup_id\":0}' \/><div class=\"wpcf7-response-output\" aria-hidden=\"true\"><\/div>\n<\/form>\n<\/div>\n[\/vc_column_inner][\/vc_row_inner][\/vc_column][\/vc_row][vc_row][vc_column]<div class=\" separator separator_center\" style=\"width:100%; \">\n\t\t\t\t\t<span class=\"sep_holder sep_holder_l\"><span style=\"border-top-style:dotted; border-color:#000000\" class=\"sep_line\"><\/span><\/span>\n\t\t\t\t\t\n\t\t\t\t\t<span class=\"sep_holder sep_holder_r\"><span style=\"border-top-style:dotted; border-color:#000000\" class=\"sep_line\"><\/span><\/span>\n\t\t\t\t<\/div>[\/vc_column][\/vc_row][vc_row][vc_column width=&#8221;1\/2&#8243;][vc_column_text]<\/p>\n<h3><span style=\"color: #000000;\">Teatr w sercu Lourdes<\/span><\/h3>\n<p><b>\u201eBernadeta z Lourdes\u201d b\u0119dzie pierwszym<\/b><b><sup>&nbsp;<\/sup><\/b><b>spektaklem granym w samym sercu Lourdes w szczycie sezonu pielgrzymkowego, od lipca do pa\u017adziernika 2019 r.<br \/>\n<\/b>Wzorem przedstawie\u0144 Cirque du Soleil widzowie obejrz\u0105 \u201eBERNADET\u0118 Z LOURDES\u201d w sali <b>Espace Robert Hossein<\/b>.&nbsp;Sala ta mie\u015bci 1400 os\u00f3b. Zosta\u0142a odnowiona specjalnie na potrzeby spektaklu i jest przystosowana dla os\u00f3b niepe\u0142nosprawnych.<\/p>\n<p>Czas trwania: 1 godzina 40 minut bez przerwy.<\/p>\n<p><strong>ESPACE ROBERT HOSSEIN<\/strong><br \/>\n19 Avenue Alexandre Marqui &#8211; 65100 LOURDES[\/vc_column_text][\/vc_column][vc_column width=&#8221;1\/2&#8243;]<div class=\" agni-image custom-image-container text-left\"><div class=\"wpb_wrapper\"><div class=\"animate\" data-animation=\"fadeIn\" data-animation-offset=\"\" style=\"animation-duration: s; \tanimation-delay: s; \t-moz-animation-duration: s; \t-moz-animation-delay: s; \t-webkit-animation-duration: s; \t-webkit-animation-delay: s; \"><img loading=\"lazy\" decoding=\"async\" style=\"\" width=\"640\" height=\"350\" src=\"https:\/\/www.bernadettedelourdes.fr\/wp-content\/uploads\/2018\/02\/Bernadette-de-Lourdes-6.jpg\" class=\"fullwidth-image attachment-full  attachment-full\" alt=\"Bernadette de Lourdes Le spectacle musical\" srcset=\"https:\/\/www.bernadettedelourdes.fr\/wp-content\/uploads\/2018\/02\/Bernadette-de-Lourdes-6.jpg 640w, https:\/\/www.bernadettedelourdes.fr\/wp-content\/uploads\/2018\/02\/Bernadette-de-Lourdes-6-300x164.jpg 300w\" sizes=\"(max-width: 640px) 100vw, 640px\" \/><\/div><\/div><\/div>[\/vc_column][\/vc_row][vc_row][vc_column width=&#8221;1\/4&#8243;][\/vc_column][vc_column width=&#8221;1\/2&#8243;][vc_column_text][\/vc_column_text][\/vc_column][vc_column width=&#8221;1\/4&#8243;][\/vc_column][\/vc_row][vc_row fullwidth=&#8221;has-fullwidth-column-no-padding&#8221;][vc_column][\/vc_column][\/vc_row]<\/p>\n","protected":false},"excerpt":{"rendered":"<p>[vc_row margin_top=&#8221;0&#8243; padding_top=&#8221;30&#8243; padding_bottom=&#8221;30&#8243; bg_color=&#8221;#e2027b&#8221;][vc_column][vc_custom_heading text=&#8221;KONTAKT&#8221; font_container=&#8221;tag:h2|font_size:58|text_align:center|color:%23ffffff&#8221; google_fonts=&#8221;font_family:Bitter%3Aregular%2Citalic%2C700|font_style:400%20regular%3A400%3Anormal&#8221;][vc_custom_heading text=&#8221;Bernadeta z Lourdes&#8221; font_container=&#8221;tag:h2|font_size:36|text_align:center|color:%23ffffff&#8221; google_fonts=&#8221;font_family:Bitter%3Aregular%2Citalic%2C700|font_style:400%20regular%3A400%3Anormal&#8221; css=&#8221;.vc_custom_1534513425859{margin-bottom: 0px !important;border-bottom-width: 0px !important;padding-bottom: 0px !important;}&#8221;][vc_custom_heading text=&#8221;Spektakl muzyczny&#8221; font_container=&#8221;tag:h2|font_size:28|text_align:center|color:%23ffffff&#8221; google_fonts=&#8221;font_family:Bitter%3Aregular%2Citalic%2C700|font_style:400%20regular%3A400%3Anormal&#8221; css=&#8221;.vc_custom_1534513437226{margin-top: 0px !important;border-top-width: 0px !important;padding-top: 0px !important;}&#8221;][\/vc_column][\/vc_row][vc_row bg_choice=&#8221;2&#8243; margin_top=&#8221;30px&#8221; padding_top=&#8221;50&#8243;][vc_column][vc_row_inner][vc_column_inner width=&#8221;1\/2&#8243;][vc_column_text][\/vc_column_text][vc_column_text css=&#8221;.vc_custom_1534519453365{padding-top: 30px !important;padding-bottom: 30px !important;}&#8221;] contact@bernadettedelourdes.fr +33 (0)6 45 71 67 84 [\/vc_column_text][\/vc_column_inner][vc_column_inner width=&#8221;1\/2&#8243;][vc_column_text]&#8222;Boulet aoue era bouentat de mettre voste [&hellip;]<\/p>\n","protected":false},"author":1,"featured_media":0,"parent":0,"menu_order":0,"comment_status":"closed","ping_status":"closed","template":"","meta":{"_monsterinsights_skip_tracking":false,"_monsterinsights_sitenote_active":false,"_monsterinsights_sitenote_note":"","_monsterinsights_sitenote_category":0,"ngg_post_thumbnail":0,"footnotes":""},"yoast_head":"<!-- This site is optimized with the Yoast SEO plugin v23.0 - https:\/\/yoast.com\/wordpress\/plugins\/seo\/ -->\n<title>KONTAKT - Bernadette de Lourdes<\/title>\n<meta name=\"robots\" content=\"index, follow, max-snippet:-1, max-image-preview:large, max-video-preview:-1\" \/>\n<link rel=\"canonical\" href=\"https:\/\/www.bernadettedelourdes.fr\/pl\/kontakt\/\" \/>\n<meta property=\"og:locale\" content=\"pl_PL\" \/>\n<meta property=\"og:type\" content=\"article\" \/>\n<meta property=\"og:title\" content=\"KONTAKT - Bernadette de Lourdes\" \/>\n<meta property=\"og:description\" content=\"[vc_row margin_top=&#8221;0&#8243; padding_top=&#8221;30&#8243; padding_bottom=&#8221;30&#8243; bg_color=&#8221;#e2027b&#8221;][vc_column][vc_custom_heading text=&#8221;KONTAKT&#8221; font_container=&#8221;tag:h2|font_size:58|text_align:center|color:%23ffffff&#8221; google_fonts=&#8221;font_family:Bitter%3Aregular%2Citalic%2C700|font_style:400%20regular%3A400%3Anormal&#8221;][vc_custom_heading text=&#8221;Bernadeta z Lourdes&#8221; font_container=&#8221;tag:h2|font_size:36|text_align:center|color:%23ffffff&#8221; google_fonts=&#8221;font_family:Bitter%3Aregular%2Citalic%2C700|font_style:400%20regular%3A400%3Anormal&#8221; css=&#8221;.vc_custom_1534513425859{margin-bottom: 0px !important;border-bottom-width: 0px !important;padding-bottom: 0px !important;}&#8221;][vc_custom_heading text=&#8221;Spektakl muzyczny&#8221; font_container=&#8221;tag:h2|font_size:28|text_align:center|color:%23ffffff&#8221; google_fonts=&#8221;font_family:Bitter%3Aregular%2Citalic%2C700|font_style:400%20regular%3A400%3Anormal&#8221; css=&#8221;.vc_custom_1534513437226{margin-top: 0px !important;border-top-width: 0px !important;padding-top: 0px !important;}&#8221;][\/vc_column][\/vc_row][vc_row bg_choice=&#8221;2&#8243; margin_top=&#8221;30px&#8221; padding_top=&#8221;50&#8243;][vc_column][vc_row_inner][vc_column_inner width=&#8221;1\/2&#8243;][vc_column_text][\/vc_column_text][vc_column_text css=&#8221;.vc_custom_1534519453365{padding-top: 30px !important;padding-bottom: 30px !important;}&#8221;] contact@bernadettedelourdes.fr +33 (0)6 45 71 67 84 [\/vc_column_text][\/vc_column_inner][vc_column_inner width=&#8221;1\/2&#8243;][vc_column_text]&#8222;Boulet aoue era bouentat de mettre voste [&hellip;]\" \/>\n<meta property=\"og:url\" content=\"https:\/\/www.bernadettedelourdes.fr\/pl\/kontakt\/\" \/>\n<meta property=\"og:site_name\" content=\"Bernadette de Lourdes\" \/>\n<meta property=\"article:publisher\" content=\"https:\/\/www.facebook.com\/Bernadette-de-Lourdes-324306451391676\/\" \/>\n<meta property=\"article:modified_time\" content=\"2020-01-06T16:36:31+00:00\" \/>\n<meta name=\"twitter:card\" content=\"summary_large_image\" \/>\n<meta name=\"twitter:label1\" content=\"Szacowany czas czytania\" \/>\n\t<meta name=\"twitter:data1\" content=\"2 minuty\" \/>\n<script type=\"application\/ld+json\" class=\"yoast-schema-graph\">{\"@context\":\"https:\/\/schema.org\",\"@graph\":[{\"@type\":\"WebPage\",\"@id\":\"https:\/\/www.bernadettedelourdes.fr\/pl\/kontakt\/\",\"url\":\"https:\/\/www.bernadettedelourdes.fr\/pl\/kontakt\/\",\"name\":\"KONTAKT - Bernadette de Lourdes\",\"isPartOf\":{\"@id\":\"https:\/\/www.bernadettedelourdes.fr\/it\/#website\"},\"datePublished\":\"2018-08-17T13:45:45+00:00\",\"dateModified\":\"2020-01-06T16:36:31+00:00\",\"breadcrumb\":{\"@id\":\"https:\/\/www.bernadettedelourdes.fr\/pl\/kontakt\/#breadcrumb\"},\"inLanguage\":\"pl-PL\",\"potentialAction\":[{\"@type\":\"ReadAction\",\"target\":[\"https:\/\/www.bernadettedelourdes.fr\/pl\/kontakt\/\"]}]},{\"@type\":\"BreadcrumbList\",\"@id\":\"https:\/\/www.bernadettedelourdes.fr\/pl\/kontakt\/#breadcrumb\",\"itemListElement\":[{\"@type\":\"ListItem\",\"position\":1,\"name\":\"Accueil\",\"item\":\"https:\/\/www.bernadettedelourdes.fr\/pl\/\"},{\"@type\":\"ListItem\",\"position\":2,\"name\":\"KONTAKT\"}]},{\"@type\":\"WebSite\",\"@id\":\"https:\/\/www.bernadettedelourdes.fr\/it\/#website\",\"url\":\"https:\/\/www.bernadettedelourdes.fr\/it\/\",\"name\":\"Bernadette de Lourdes\",\"description\":\"Le spectacle musical\",\"publisher\":{\"@id\":\"https:\/\/www.bernadettedelourdes.fr\/it\/#organization\"},\"potentialAction\":[{\"@type\":\"SearchAction\",\"target\":{\"@type\":\"EntryPoint\",\"urlTemplate\":\"https:\/\/www.bernadettedelourdes.fr\/it\/?s={search_term_string}\"},\"query-input\":\"required name=search_term_string\"}],\"inLanguage\":\"pl-PL\"},{\"@type\":\"Organization\",\"@id\":\"https:\/\/www.bernadettedelourdes.fr\/it\/#organization\",\"name\":\"Bernadette de Lourdes\",\"url\":\"https:\/\/www.bernadettedelourdes.fr\/it\/\",\"logo\":{\"@type\":\"ImageObject\",\"inLanguage\":\"pl-PL\",\"@id\":\"https:\/\/www.bernadettedelourdes.fr\/it\/#\/schema\/logo\/image\/\",\"url\":\"https:\/\/www.bernadettedelourdes.fr\/wp-content\/uploads\/2018\/02\/Bernadette-de-Lourdes-contact.jpg\",\"contentUrl\":\"https:\/\/www.bernadettedelourdes.fr\/wp-content\/uploads\/2018\/02\/Bernadette-de-Lourdes-contact.jpg\",\"width\":600,\"height\":884,\"caption\":\"Bernadette de Lourdes\"},\"image\":{\"@id\":\"https:\/\/www.bernadettedelourdes.fr\/it\/#\/schema\/logo\/image\/\"},\"sameAs\":[\"https:\/\/www.facebook.com\/Bernadette-de-Lourdes-324306451391676\/\",\"https:\/\/www.instagram.com\/musical_bernadettedelourdes\/\"]}]}<\/script>\n<!-- \/ Yoast SEO plugin. -->","yoast_head_json":{"title":"KONTAKT - Bernadette de Lourdes","robots":{"index":"index","follow":"follow","max-snippet":"max-snippet:-1","max-image-preview":"max-image-preview:large","max-video-preview":"max-video-preview:-1"},"canonical":"https:\/\/www.bernadettedelourdes.fr\/pl\/kontakt\/","og_locale":"pl_PL","og_type":"article","og_title":"KONTAKT - Bernadette de Lourdes","og_description":"[vc_row margin_top=&#8221;0&#8243; padding_top=&#8221;30&#8243; padding_bottom=&#8221;30&#8243; bg_color=&#8221;#e2027b&#8221;][vc_column][vc_custom_heading text=&#8221;KONTAKT&#8221; font_container=&#8221;tag:h2|font_size:58|text_align:center|color:%23ffffff&#8221; google_fonts=&#8221;font_family:Bitter%3Aregular%2Citalic%2C700|font_style:400%20regular%3A400%3Anormal&#8221;][vc_custom_heading text=&#8221;Bernadeta z Lourdes&#8221; font_container=&#8221;tag:h2|font_size:36|text_align:center|color:%23ffffff&#8221; google_fonts=&#8221;font_family:Bitter%3Aregular%2Citalic%2C700|font_style:400%20regular%3A400%3Anormal&#8221; css=&#8221;.vc_custom_1534513425859{margin-bottom: 0px !important;border-bottom-width: 0px !important;padding-bottom: 0px !important;}&#8221;][vc_custom_heading text=&#8221;Spektakl muzyczny&#8221; font_container=&#8221;tag:h2|font_size:28|text_align:center|color:%23ffffff&#8221; google_fonts=&#8221;font_family:Bitter%3Aregular%2Citalic%2C700|font_style:400%20regular%3A400%3Anormal&#8221; css=&#8221;.vc_custom_1534513437226{margin-top: 0px !important;border-top-width: 0px !important;padding-top: 0px !important;}&#8221;][\/vc_column][\/vc_row][vc_row bg_choice=&#8221;2&#8243; margin_top=&#8221;30px&#8221; padding_top=&#8221;50&#8243;][vc_column][vc_row_inner][vc_column_inner width=&#8221;1\/2&#8243;][vc_column_text][\/vc_column_text][vc_column_text css=&#8221;.vc_custom_1534519453365{padding-top: 30px !important;padding-bottom: 30px !important;}&#8221;] contact@bernadettedelourdes.fr +33 (0)6 45 71 67 84 [\/vc_column_text][\/vc_column_inner][vc_column_inner width=&#8221;1\/2&#8243;][vc_column_text]&#8222;Boulet aoue era bouentat de mettre voste [&hellip;]","og_url":"https:\/\/www.bernadettedelourdes.fr\/pl\/kontakt\/","og_site_name":"Bernadette de Lourdes","article_publisher":"https:\/\/www.facebook.com\/Bernadette-de-Lourdes-324306451391676\/","article_modified_time":"2020-01-06T16:36:31+00:00","twitter_card":"summary_large_image","twitter_misc":{"Szacowany czas czytania":"2 minuty"},"schema":{"@context":"https:\/\/schema.org","@graph":[{"@type":"WebPage","@id":"https:\/\/www.bernadettedelourdes.fr\/pl\/kontakt\/","url":"https:\/\/www.bernadettedelourdes.fr\/pl\/kontakt\/","name":"KONTAKT - Bernadette de Lourdes","isPartOf":{"@id":"https:\/\/www.bernadettedelourdes.fr\/it\/#website"},"datePublished":"2018-08-17T13:45:45+00:00","dateModified":"2020-01-06T16:36:31+00:00","breadcrumb":{"@id":"https:\/\/www.bernadettedelourdes.fr\/pl\/kontakt\/#breadcrumb"},"inLanguage":"pl-PL","potentialAction":[{"@type":"ReadAction","target":["https:\/\/www.bernadettedelourdes.fr\/pl\/kontakt\/"]}]},{"@type":"BreadcrumbList","@id":"https:\/\/www.bernadettedelourdes.fr\/pl\/kontakt\/#breadcrumb","itemListElement":[{"@type":"ListItem","position":1,"name":"Accueil","item":"https:\/\/www.bernadettedelourdes.fr\/pl\/"},{"@type":"ListItem","position":2,"name":"KONTAKT"}]},{"@type":"WebSite","@id":"https:\/\/www.bernadettedelourdes.fr\/it\/#website","url":"https:\/\/www.bernadettedelourdes.fr\/it\/","name":"Bernadette de Lourdes","description":"Le spectacle musical","publisher":{"@id":"https:\/\/www.bernadettedelourdes.fr\/it\/#organization"},"potentialAction":[{"@type":"SearchAction","target":{"@type":"EntryPoint","urlTemplate":"https:\/\/www.bernadettedelourdes.fr\/it\/?s={search_term_string}"},"query-input":"required name=search_term_string"}],"inLanguage":"pl-PL"},{"@type":"Organization","@id":"https:\/\/www.bernadettedelourdes.fr\/it\/#organization","name":"Bernadette de Lourdes","url":"https:\/\/www.bernadettedelourdes.fr\/it\/","logo":{"@type":"ImageObject","inLanguage":"pl-PL","@id":"https:\/\/www.bernadettedelourdes.fr\/it\/#\/schema\/logo\/image\/","url":"https:\/\/www.bernadettedelourdes.fr\/wp-content\/uploads\/2018\/02\/Bernadette-de-Lourdes-contact.jpg","contentUrl":"https:\/\/www.bernadettedelourdes.fr\/wp-content\/uploads\/2018\/02\/Bernadette-de-Lourdes-contact.jpg","width":600,"height":884,"caption":"Bernadette de Lourdes"},"image":{"@id":"https:\/\/www.bernadettedelourdes.fr\/it\/#\/schema\/logo\/image\/"},"sameAs":["https:\/\/www.facebook.com\/Bernadette-de-Lourdes-324306451391676\/","https:\/\/www.instagram.com\/musical_bernadettedelourdes\/"]}]}},"_links":{"self":[{"href":"https:\/\/www.bernadettedelourdes.fr\/pl\/wp-json\/wp\/v2\/pages\/1225"}],"collection":[{"href":"https:\/\/www.bernadettedelourdes.fr\/pl\/wp-json\/wp\/v2\/pages"}],"about":[{"href":"https:\/\/www.bernadettedelourdes.fr\/pl\/wp-json\/wp\/v2\/types\/page"}],"author":[{"embeddable":true,"href":"https:\/\/www.bernadettedelourdes.fr\/pl\/wp-json\/wp\/v2\/users\/1"}],"replies":[{"embeddable":true,"href":"https:\/\/www.bernadettedelourdes.fr\/pl\/wp-json\/wp\/v2\/comments?post=1225"}],"version-history":[{"count":0,"href":"https:\/\/www.bernadettedelourdes.fr\/pl\/wp-json\/wp\/v2\/pages\/1225\/revisions"}],"wp:attachment":[{"href":"https:\/\/www.bernadettedelourdes.fr\/pl\/wp-json\/wp\/v2\/media?parent=1225"}],"curies":[{"name":"wp","href":"https:\/\/api.w.org\/{rel}","templated":true}]}}